{"id":5045,"date":"2024-07-02T15:22:23","date_gmt":"2024-07-02T21:22:23","guid":{"rendered":"https:\/\/libreriahistoriasdebolsillo.com\/?post_type=product&#038;p=5045"},"modified":"2025-12-30T13:03:57","modified_gmt":"2025-12-30T19:03:57","slug":"manos-a-la-obra","status":"publish","type":"product","link":"https:\/\/libreriahistoriasdebolsillo.com\/index.php\/producto\/manos-a-la-obra\/","title":{"rendered":"\u00a1Manos a la obra!"},"content":{"rendered":"<p><b>En \u00a1Manos a la obra!, Brian Tracy, autor<\/b>\u00a0<b>bestseller de<\/b>\u00a0<b>The New York Times, aborda el desaf\u00edo de la distracci\u00f3n y muestra con pr\u00e1cticos consejos c\u00f3mo concentrarnos en las tareas m\u00e1s importantes para realizarlas de inmediato.<\/b><\/p>\n<p>Hoy en d\u00eda contamos con todas las herramientas para hacer cada vez m\u00e1s sencillas nuestras tareas, no obstante, y de manera parad\u00f3jica, el desaf\u00edo de mantener una productividad \u00f3ptima nunca ha sido mayor.<\/p>\n<p>Vivimos el periodo m\u00e1s\u00a0<b>avanzado tecnol\u00f3gicamente<\/b>\u00a0de la historia, tenemos tel\u00e9fonos m\u00f3viles y aplicaciones incre\u00edbles para cada cosa; todo tipo de productos y soluciones est\u00e1n a un clic de distancia. Entonces, \u00bfc\u00f3mo es posible que ser productivos sea un desaf\u00edo tan grande para tantos?<\/p>\n<p>En una palabra:\u00a0<b>DISTRACCI\u00d3N.<\/b>\u00a0Gastamos demasiada atenci\u00f3n en correos electr\u00f3nicos, mensajes de texto, redes sociales, notificaciones y dem\u00e1s, pensando que esas actividades son importantes y urgentes. La realidad es que no lo son, s\u00f3lo complican nuestras vidas y nos alejan de nuestras metas.<\/p>\n","protected":false},"excerpt":{"rendered":"<p>Brian Tracy<\/p>\n<p>256 p\u00e1ginas<\/p>\n","protected":false},"featured_media":5046,"template":"","meta":{"_joinchat":[]},"product_brand":[],"product_cat":[58,41],"product_tag":[34],"class_list":{"0":"post-5045","1":"product","2":"type-product","3":"status-publish","4":"has-post-thumbnail","6":"product_cat-desarrollo-humano-y-superacion","7":"product_cat-desarrollo-humano","8":"product_tag-penguin-random-house","10":"first","11":"outofstock","12":"shipping-taxable","13":"purchasable","14":"product-type-simple"},"_links":{"self":[{"href":"https:\/\/libreriahistoriasdebolsillo.com\/index.php\/wp-json\/wp\/v2\/product\/5045","targetHints":{"allow":["GET"]}}],"collection":[{"href":"https:\/\/libreriahistoriasdebolsillo.com\/index.php\/wp-json\/wp\/v2\/product"}],"about":[{"href":"https:\/\/libreriahistoriasdebolsillo.com\/index.php\/wp-json\/wp\/v2\/types\/product"}],"wp:featuredmedia":[{"embeddable":true,"href":"https:\/\/libreriahistoriasdebolsillo.com\/index.php\/wp-json\/wp\/v2\/media\/5046"}],"wp:attachment":[{"href":"https:\/\/libreriahistoriasdebolsillo.com\/index.php\/wp-json\/wp\/v2\/media?parent=5045"}],"wp:term":[{"taxonomy":"product_brand","embeddable":true,"href":"https:\/\/libreriahistoriasdebolsillo.com\/index.php\/wp-json\/wp\/v2\/product_brand?post=5045"},{"taxonomy":"product_cat","embeddable":true,"href":"https:\/\/libreriahistoriasdebolsillo.com\/index.php\/wp-json\/wp\/v2\/product_cat?post=5045"},{"taxonomy":"product_tag","embeddable":true,"href":"https:\/\/libreriahistoriasdebolsillo.com\/index.php\/wp-json\/wp\/v2\/product_tag?post=5045"}],"curies":[{"name":"wp","href":"https:\/\/api.w.org\/{rel}","templated":true}]}}