{"id":5049,"date":"2024-07-02T15:26:31","date_gmt":"2024-07-02T21:26:31","guid":{"rendered":"https:\/\/libreriahistoriasdebolsillo.com\/?post_type=product&#038;p=5049"},"modified":"2025-05-30T10:25:27","modified_gmt":"2025-05-30T16:25:27","slug":"multiplica-tu-dinero","status":"publish","type":"product","link":"https:\/\/libreriahistoriasdebolsillo.com\/index.php\/producto\/multiplica-tu-dinero\/","title":{"rendered":"Multiplica tu dinero"},"content":{"rendered":"<p><b>En este libro Brian Tracy revela t\u00e9cnicas y h\u00e1bitos para hacer m\u00e1s dinero.<\/b><\/p>\n<p>Brian Tracy, experto mundial en temas de\u00a0<b>desarrollo personal<\/b>\u00a0y profesional, ofrece en\u00a0<i>Multiplica tu dinero<\/i>\u00a0el fruto de d\u00e9cadas de estudio acerca de c\u00f3mo han construido sus fortunas los\u00a0<b>millonarios<\/b>\u00a0hechos a s\u00ed mismos. Tracy encontr\u00f3 que la gente m\u00e1s exitosa de todos los tiempos comparte ciertos h\u00e1bitos y caracter\u00edsticas con las que logr\u00f3 vencer todos los obst\u00e1culos y conseguir la\u00a0<b>prosperidad\u00a0<\/b>aun cuando todo estaba en contra suya. Con ejemplos pr\u00e1cticos y de manera asequible, en estas p\u00e1ginas encontrar\u00e1s el conocimiento necesario para que t\u00fa tambi\u00e9n puedas lograr m\u00e1s de lo que nunca so\u00f1aste posible. En este libro aprender\u00e1s:<\/p>\n<p>\u2022 C\u00f3mo desarrollar nuevos h\u00e1bitos.<\/p>\n<p>\u2022 Los h\u00e1bitos de millonarios y multimillonarios.<\/p>\n<p>\u2022 C\u00f3mo piensa la gente rica.<\/p>\n<p>\u2022 Los siete fundamentos del \u00e9xito empresarial.<\/p>\n<p>\u2022 Los siete h\u00e1bitos de las empresas de alta rentabilidad.<\/p>\n<p>\u2022 Los siete h\u00e1bitos para el \u00e9xito personal.<\/p>\n","protected":false},"excerpt":{"rendered":"<p>Brian Tracy<\/p>\n<p>256 p\u00e1ginas<\/p>\n","protected":false},"featured_media":5050,"template":"","meta":{"_joinchat":[]},"product_brand":[],"product_cat":[58,41,51],"product_tag":[34],"class_list":{"0":"post-5049","1":"product","2":"type-product","3":"status-publish","4":"has-post-thumbnail","6":"product_cat-desarrollo-humano-y-superacion","7":"product_cat-desarrollo-humano","8":"product_cat-oferta","9":"product_tag-penguin-random-house","11":"first","12":"outofstock","13":"shipping-taxable","14":"purchasable","15":"product-type-simple"},"_links":{"self":[{"href":"https:\/\/libreriahistoriasdebolsillo.com\/index.php\/wp-json\/wp\/v2\/product\/5049","targetHints":{"allow":["GET"]}}],"collection":[{"href":"https:\/\/libreriahistoriasdebolsillo.com\/index.php\/wp-json\/wp\/v2\/product"}],"about":[{"href":"https:\/\/libreriahistoriasdebolsillo.com\/index.php\/wp-json\/wp\/v2\/types\/product"}],"wp:featuredmedia":[{"embeddable":true,"href":"https:\/\/libreriahistoriasdebolsillo.com\/index.php\/wp-json\/wp\/v2\/media\/5050"}],"wp:attachment":[{"href":"https:\/\/libreriahistoriasdebolsillo.com\/index.php\/wp-json\/wp\/v2\/media?parent=5049"}],"wp:term":[{"taxonomy":"product_brand","embeddable":true,"href":"https:\/\/libreriahistoriasdebolsillo.com\/index.php\/wp-json\/wp\/v2\/product_brand?post=5049"},{"taxonomy":"product_cat","embeddable":true,"href":"https:\/\/libreriahistoriasdebolsillo.com\/index.php\/wp-json\/wp\/v2\/product_cat?post=5049"},{"taxonomy":"product_tag","embeddable":true,"href":"https:\/\/libreriahistoriasdebolsillo.com\/index.php\/wp-json\/wp\/v2\/product_tag?post=5049"}],"curies":[{"name":"wp","href":"https:\/\/api.w.org\/{rel}","templated":true}]}}