{"id":5051,"date":"2024-07-02T15:28:57","date_gmt":"2024-07-02T21:28:57","guid":{"rendered":"https:\/\/libreriahistoriasdebolsillo.com\/?post_type=product&#038;p=5051"},"modified":"2025-11-26T18:23:02","modified_gmt":"2025-11-27T00:23:02","slug":"100-lecciones-de-neurociencia-una-guia-para-descubrir-los-secretos-de-tus-emociones-y-de-tu-comportamiento","status":"publish","type":"product","link":"https:\/\/libreriahistoriasdebolsillo.com\/index.php\/producto\/100-lecciones-de-neurociencia-una-guia-para-descubrir-los-secretos-de-tus-emociones-y-de-tu-comportamiento\/","title":{"rendered":"100 lecciones de neurociencia. Una gu\u00eda para descubrir los secretos de tus emociones y de tu comportamiento"},"content":{"rendered":"<p><b>Con este libro Eduardo Calixto ofrece informaci\u00f3n privilegiada para entrar con lucidez al misterioso contexto del funcionamiento cerebral, nunca se hab\u00eda explicado de manera tan brillante el incre\u00edble mundo de las Neurociencias.<\/b><\/p>\n<p>\u00bfPor qu\u00e9\u00a0<b>olvidamos<\/b>\u00a0cosas? \u00bfCu\u00e1nto dura un momento de\u00a0<b>rabia<\/b>\u00a0o de\u00a0<b>llanto<\/b>? \u00bfQu\u00e9 ocurre cuando sufrimos una p\u00e9rdida? Entender c\u00f3mo funciona nuestro\u00a0<b>cerebro<\/b>\u00a0es muy complicado, tanto como entrar en un universo m\u00e1gico e insospechado. Con esta\u00a0<b>gu\u00eda<\/b>\u00a0reveladora sabr\u00e1s, por fin, grandes y valiosos secretos del funcionamiento cerebral que, sin duda, mejorar\u00e1n tu vida para siempre. Descubrir\u00e1s por qu\u00e9 sentimos\u00a0<b>amor<\/b>,\u00a0<b>envidia<\/b>,\u00a0<b>angustia<\/b>\u00a0o deseos de\u00a0<b>venganza<\/b>;qu\u00e9 acelera la vejez, qu\u00e9 impulsos siguen los suicidas, cu\u00e1les son los efectos de re\u00edr todos los d\u00edas y c\u00f3mo se desencadena una\u00a0<b>depresi\u00f3n<\/b>.<\/p>\n<p><b>100<\/b>\u00a0<b>Lecciones<\/b><b>\u00a0de Neurociencias<\/b>\u00a0es una obra \u00fanica, pues su manejo\u00a0<b>cient\u00edfico<\/b>\u00a0y m\u00e9dico resulta deslumbrante al explicar con amenidad y sencillez en qu\u00e9 consiste un blackout, c\u00f3mo se anuncia el\u00a0<b>Alzheimer<\/b>, qu\u00e9 motiva las\u00a0<b>migra\u00f1as<\/b>, cu\u00e1l es la relaci\u00f3n entre vejez y memoria, al tiempo que desmitifica numerosas ideas equivocadas sobre el cerebro. Para delicia y asombro de los lectores se explica c\u00f3mo afecta la ludopat\u00eda en los cerebros de hombres y mujeres, c\u00f3mo se expresa la infidelidad en el cerebro, c\u00f3mo inciden el alcohol y las\u00a0<b>drogas<\/b>\u00a0en nuestras neuronas y las diferencias vitales entre amor, idealizaci\u00f3n y enamoramiento.<\/p>\n","protected":false},"excerpt":{"rendered":"<p>Dr. Eduardo Calixto<\/p>\n<p>336 p\u00e1ginas<\/p>\n","protected":false},"featured_media":5052,"template":"","meta":{"_joinchat":[]},"product_brand":[],"product_cat":[60,41],"product_tag":[34],"class_list":{"0":"post-5051","1":"product","2":"type-product","3":"status-publish","4":"has-post-thumbnail","6":"product_cat-ciencia","7":"product_cat-desarrollo-humano","8":"product_tag-penguin-random-house","10":"first","11":"outofstock","12":"shipping-taxable","13":"purchasable","14":"product-type-simple"},"_links":{"self":[{"href":"https:\/\/libreriahistoriasdebolsillo.com\/index.php\/wp-json\/wp\/v2\/product\/5051","targetHints":{"allow":["GET"]}}],"collection":[{"href":"https:\/\/libreriahistoriasdebolsillo.com\/index.php\/wp-json\/wp\/v2\/product"}],"about":[{"href":"https:\/\/libreriahistoriasdebolsillo.com\/index.php\/wp-json\/wp\/v2\/types\/product"}],"wp:featuredmedia":[{"embeddable":true,"href":"https:\/\/libreriahistoriasdebolsillo.com\/index.php\/wp-json\/wp\/v2\/media\/5052"}],"wp:attachment":[{"href":"https:\/\/libreriahistoriasdebolsillo.com\/index.php\/wp-json\/wp\/v2\/media?parent=5051"}],"wp:term":[{"taxonomy":"product_brand","embeddable":true,"href":"https:\/\/libreriahistoriasdebolsillo.com\/index.php\/wp-json\/wp\/v2\/product_brand?post=5051"},{"taxonomy":"product_cat","embeddable":true,"href":"https:\/\/libreriahistoriasdebolsillo.com\/index.php\/wp-json\/wp\/v2\/product_cat?post=5051"},{"taxonomy":"product_tag","embeddable":true,"href":"https:\/\/libreriahistoriasdebolsillo.com\/index.php\/wp-json\/wp\/v2\/product_tag?post=5051"}],"curies":[{"name":"wp","href":"https:\/\/api.w.org\/{rel}","templated":true}]}}