{"id":5053,"date":"2024-07-02T15:33:02","date_gmt":"2024-07-02T21:33:02","guid":{"rendered":"https:\/\/libreriahistoriasdebolsillo.com\/?post_type=product&#038;p=5053"},"modified":"2026-02-12T18:16:44","modified_gmt":"2026-02-13T00:16:44","slug":"hermanas-de-la-sal-1-casa-de-sal-y-lagrimas","status":"publish","type":"product","link":"https:\/\/libreriahistoriasdebolsillo.com\/index.php\/producto\/hermanas-de-la-sal-1-casa-de-sal-y-lagrimas\/","title":{"rendered":"Hermanas de la sal 1. Casa de sal y l\u00e1grimas"},"content":{"rendered":"<p><b>TEN CUIDADO DE CON QUI\u00c9N BAILAS&#8230;<\/b><\/p>\n<p>Annaleigh vive una vida privilegiada en su mansi\u00f3n de Highmoor frente al mar con sus hermanas, su padre y su madrastra. Una vez fueron doce, pero la soledad reina en los majestuosos salones ahora que las vidas de cuatro de las j\u00f3venes han llegado a su fin. Cada muerte fue m\u00e1s tr\u00e1gica que la anterior y en los pueblos de alrededor corren rumores de que la familia est\u00e1 maldecida por los dioses.<\/p>\n<p>Acosada por una serie de visiones, Annaleigh comienza a sospechar que las muertes no fueron accidentes. Desde hace tiempo, sus hermanas se escabullen cada noche para asistir a deslumbrantes fiestas bailando hasta el amanecer con sus vestidos de seda, y Annaleigh no est\u00e1 segura de si intentar detenerlas o unirse a ellas en sus encuentros prohibidos. Porque \u00bfqui\u00e9n -o qu\u00e9- est\u00e1 en realidad bailando con ellas?<\/p>\n<p>Y, cuando Annaleigh conoce a un misterioso desconocido que guarda sus propios secretos, sus sospechas se convierten en una carrera para revelar la oscuridad que ha ca\u00eddo sobre su familia&#8230; antes de convertirse en su pr\u00f3xima v\u00edctima.<\/p>\n<p>\u00abAd\u00e9ntrate en un cuento de hadas\u00bb, Stephanie Garber, autora de\u00a0<i>Caraval<\/i><\/p>\n","protected":false},"excerpt":{"rendered":"<p>Erina A. Craig<\/p>\n<p>400 p\u00e1ginas<\/p>\n","protected":false},"featured_media":5054,"template":"","meta":{"_joinchat":[]},"product_brand":[],"product_cat":[37,51,76],"product_tag":[34],"class_list":{"0":"post-5053","1":"product","2":"type-product","3":"status-publish","4":"has-post-thumbnail","6":"product_cat-misterio-y-thriller","7":"product_cat-oferta","8":"product_cat-romantasy","9":"product_tag-penguin-random-house","11":"first","12":"outofstock","13":"sale","14":"shipping-taxable","15":"purchasable","16":"product-type-simple"},"_links":{"self":[{"href":"https:\/\/libreriahistoriasdebolsillo.com\/index.php\/wp-json\/wp\/v2\/product\/5053","targetHints":{"allow":["GET"]}}],"collection":[{"href":"https:\/\/libreriahistoriasdebolsillo.com\/index.php\/wp-json\/wp\/v2\/product"}],"about":[{"href":"https:\/\/libreriahistoriasdebolsillo.com\/index.php\/wp-json\/wp\/v2\/types\/product"}],"wp:featuredmedia":[{"embeddable":true,"href":"https:\/\/libreriahistoriasdebolsillo.com\/index.php\/wp-json\/wp\/v2\/media\/5054"}],"wp:attachment":[{"href":"https:\/\/libreriahistoriasdebolsillo.com\/index.php\/wp-json\/wp\/v2\/media?parent=5053"}],"wp:term":[{"taxonomy":"product_brand","embeddable":true,"href":"https:\/\/libreriahistoriasdebolsillo.com\/index.php\/wp-json\/wp\/v2\/product_brand?post=5053"},{"taxonomy":"product_cat","embeddable":true,"href":"https:\/\/libreriahistoriasdebolsillo.com\/index.php\/wp-json\/wp\/v2\/product_cat?post=5053"},{"taxonomy":"product_tag","embeddable":true,"href":"https:\/\/libreriahistoriasdebolsillo.com\/index.php\/wp-json\/wp\/v2\/product_tag?post=5053"}],"curies":[{"name":"wp","href":"https:\/\/api.w.org\/{rel}","templated":true}]}}