{"id":5055,"date":"2024-07-02T15:35:09","date_gmt":"2024-07-02T21:35:09","guid":{"rendered":"https:\/\/libreriahistoriasdebolsillo.com\/?post_type=product&#038;p=5055"},"modified":"2025-11-26T18:23:11","modified_gmt":"2025-11-27T00:23:11","slug":"contigo-sin-internet","status":"publish","type":"product","link":"https:\/\/libreriahistoriasdebolsillo.com\/index.php\/producto\/contigo-sin-internet\/","title":{"rendered":"Contigo, \u00bfSin internet?"},"content":{"rendered":"<p><b>\u00bfPODR\u00cdAS SUPERAR TU<\/b>\u00a0<b>PEOR MIEDO POR AMOR?<\/b><\/p>\n<p>Zachary Blackelee no es afortunado en el\u00a0<b>amor<\/b>. Nunca ha tenido\u00a0<b>novia<\/b>. Es un chico solitario que se la pasa leyendo novelas y padece una extra\u00f1a fobia a la\u00a0<b>tecnolog\u00eda<\/b>.<\/p>\n<p>Hallie Santini no concibe su vida sin\u00a0<b>internet<\/b>. Tiene un miedo irracional a separarse del celular y no sabe c\u00f3mo abordar a la gente si no es a trav\u00e9s de las\u00a0<b>redes sociales<\/b>.<\/p>\n<p>Zac y Hallie no tienen nada en com\u00fan. Jam\u00e1s podr\u00edan estar juntos, si no fuera porque\u2026 \u00a1Bater\u00eda baja!<\/p>\n","protected":false},"excerpt":{"rendered":"<p>Kat Quezada<\/p>\n<p>384 p\u00e1ginas<\/p>\n","protected":false},"featured_media":5056,"template":"","meta":{"_joinchat":[]},"product_brand":[],"product_cat":[52],"product_tag":[34,57],"class_list":{"0":"post-5055","1":"product","2":"type-product","3":"status-publish","4":"has-post-thumbnail","6":"product_cat-juvenil","7":"product_tag-penguin-random-house","8":"product_tag-wattpad","10":"first","11":"outofstock","12":"shipping-taxable","13":"purchasable","14":"product-type-simple"},"_links":{"self":[{"href":"https:\/\/libreriahistoriasdebolsillo.com\/index.php\/wp-json\/wp\/v2\/product\/5055","targetHints":{"allow":["GET"]}}],"collection":[{"href":"https:\/\/libreriahistoriasdebolsillo.com\/index.php\/wp-json\/wp\/v2\/product"}],"about":[{"href":"https:\/\/libreriahistoriasdebolsillo.com\/index.php\/wp-json\/wp\/v2\/types\/product"}],"wp:featuredmedia":[{"embeddable":true,"href":"https:\/\/libreriahistoriasdebolsillo.com\/index.php\/wp-json\/wp\/v2\/media\/5056"}],"wp:attachment":[{"href":"https:\/\/libreriahistoriasdebolsillo.com\/index.php\/wp-json\/wp\/v2\/media?parent=5055"}],"wp:term":[{"taxonomy":"product_brand","embeddable":true,"href":"https:\/\/libreriahistoriasdebolsillo.com\/index.php\/wp-json\/wp\/v2\/product_brand?post=5055"},{"taxonomy":"product_cat","embeddable":true,"href":"https:\/\/libreriahistoriasdebolsillo.com\/index.php\/wp-json\/wp\/v2\/product_cat?post=5055"},{"taxonomy":"product_tag","embeddable":true,"href":"https:\/\/libreriahistoriasdebolsillo.com\/index.php\/wp-json\/wp\/v2\/product_tag?post=5055"}],"curies":[{"name":"wp","href":"https:\/\/api.w.org\/{rel}","templated":true}]}}