{"id":5062,"date":"2024-07-02T15:42:29","date_gmt":"2024-07-02T21:42:29","guid":{"rendered":"https:\/\/libreriahistoriasdebolsillo.com\/?post_type=product&#038;p=5062"},"modified":"2025-11-11T10:46:59","modified_gmt":"2025-11-11T16:46:59","slug":"la-peste","status":"publish","type":"product","link":"https:\/\/libreriahistoriasdebolsillo.com\/index.php\/producto\/la-peste\/","title":{"rendered":"La peste"},"content":{"rendered":"<p><b><i>La peste\u00a0<\/i>es, sin lugar a dudas, una de las novelas m\u00e1s importantes que se hayan escrito en Francia despu\u00e9s de la Segunda Guerra Mundial.<\/b><\/p>\n<p>Su contenido moral se manifiesta de golpe en un s\u00edmbolo, m\u00e1s poderoso que cualquier desarrollo te\u00f3rico: una\u00a0<b>epidemia de peste\u00a0<\/b>en la ciudad de Or\u00e1n representa una era de tormentos y muerte en el mundo.<\/p>\n","protected":false},"excerpt":{"rendered":"<p>Albert Camus<\/p>\n<p>256 p\u00e1ginas<\/p>\n","protected":false},"featured_media":5063,"template":"","meta":{"_joinchat":[]},"product_brand":[],"product_cat":[42],"product_tag":[34],"class_list":{"0":"post-5062","1":"product","2":"type-product","3":"status-publish","4":"has-post-thumbnail","6":"product_cat-literatura-clasica","7":"product_tag-penguin-random-house","9":"first","10":"outofstock","11":"shipping-taxable","12":"purchasable","13":"product-type-simple"},"_links":{"self":[{"href":"https:\/\/libreriahistoriasdebolsillo.com\/index.php\/wp-json\/wp\/v2\/product\/5062","targetHints":{"allow":["GET"]}}],"collection":[{"href":"https:\/\/libreriahistoriasdebolsillo.com\/index.php\/wp-json\/wp\/v2\/product"}],"about":[{"href":"https:\/\/libreriahistoriasdebolsillo.com\/index.php\/wp-json\/wp\/v2\/types\/product"}],"wp:featuredmedia":[{"embeddable":true,"href":"https:\/\/libreriahistoriasdebolsillo.com\/index.php\/wp-json\/wp\/v2\/media\/5063"}],"wp:attachment":[{"href":"https:\/\/libreriahistoriasdebolsillo.com\/index.php\/wp-json\/wp\/v2\/media?parent=5062"}],"wp:term":[{"taxonomy":"product_brand","embeddable":true,"href":"https:\/\/libreriahistoriasdebolsillo.com\/index.php\/wp-json\/wp\/v2\/product_brand?post=5062"},{"taxonomy":"product_cat","embeddable":true,"href":"https:\/\/libreriahistoriasdebolsillo.com\/index.php\/wp-json\/wp\/v2\/product_cat?post=5062"},{"taxonomy":"product_tag","embeddable":true,"href":"https:\/\/libreriahistoriasdebolsillo.com\/index.php\/wp-json\/wp\/v2\/product_tag?post=5062"}],"curies":[{"name":"wp","href":"https:\/\/api.w.org\/{rel}","templated":true}]}}