{"id":5064,"date":"2024-07-02T15:45:13","date_gmt":"2024-07-02T21:45:13","guid":{"rendered":"https:\/\/libreriahistoriasdebolsillo.com\/?post_type=product&#038;p=5064"},"modified":"2025-11-26T18:23:24","modified_gmt":"2025-11-27T00:23:24","slug":"el-fabricante-de-porcelana","status":"publish","type":"product","link":"https:\/\/libreriahistoriasdebolsillo.com\/index.php\/producto\/el-fabricante-de-porcelana\/","title":{"rendered":"El fabricante de porcelana"},"content":{"rendered":"<p><b>Una novela de amor, traici\u00f3n y arte inspirada en la historia real de las piezas de porcelana blanca que Hitler adoraba.<\/b><\/p>\n<p><b>Dos amantes atrapados en la barbarie nazi. Una hija en busca de la verdad.<\/b><\/p>\n<p><b>Alemania 1929.<\/b>\u00a0En una fiesta de j\u00f3venes bohemios en Weimar, los destinos de dos artistas Max, un joven arquitecto vien\u00e9s formado en la Bauhaus, y Bettina, una pintora disc\u00edpula de Kandinsky, se cruzan. Ambos j\u00f3venes se enamoran al instante y sus respectivos talentos los llevan a Berl\u00edn, hasta que el surgimiento del nazismo los separa. Max es enviado al campo de concentraci\u00f3n de Dachau, en el que su habilidad para hacer delicadasfiguritas de porcelana blanca lo salva de una muerte inminente. Bettina, desesperada, lo arriesga todo para rescatarlo.<\/p>\n<p><b>Estados Unidos, 1993<\/b>. Clara, la hija de Bettina, se embarca en un viaje para conocer sus ra\u00edces y descubrir la identidad de su padre biol\u00f3gico, un hombre al que nunca conoci\u00f3 y sobre el que su madre nunca ha querido hablarle. Mientras arma el rompecabezas de sus or\u00edgenes y toma las riendas de su vida, Clara se pregunta por qu\u00e9 su madre le ocult\u00f3 la verdad acerca de su aterrador pasado.<\/p>\n","protected":false},"excerpt":{"rendered":"<p>Sarah Freethy<\/p>\n<p>400 p\u00e1ginas<\/p>\n","protected":false},"featured_media":5065,"template":"","meta":{"_joinchat":[]},"product_brand":[],"product_cat":[33,55],"product_tag":[34],"class_list":{"0":"post-5064","1":"product","2":"type-product","3":"status-publish","4":"has-post-thumbnail","6":"product_cat-ficcion-general","7":"product_cat-holocausto","8":"product_tag-penguin-random-house","10":"first","11":"outofstock","12":"shipping-taxable","13":"purchasable","14":"product-type-simple"},"_links":{"self":[{"href":"https:\/\/libreriahistoriasdebolsillo.com\/index.php\/wp-json\/wp\/v2\/product\/5064","targetHints":{"allow":["GET"]}}],"collection":[{"href":"https:\/\/libreriahistoriasdebolsillo.com\/index.php\/wp-json\/wp\/v2\/product"}],"about":[{"href":"https:\/\/libreriahistoriasdebolsillo.com\/index.php\/wp-json\/wp\/v2\/types\/product"}],"wp:featuredmedia":[{"embeddable":true,"href":"https:\/\/libreriahistoriasdebolsillo.com\/index.php\/wp-json\/wp\/v2\/media\/5065"}],"wp:attachment":[{"href":"https:\/\/libreriahistoriasdebolsillo.com\/index.php\/wp-json\/wp\/v2\/media?parent=5064"}],"wp:term":[{"taxonomy":"product_brand","embeddable":true,"href":"https:\/\/libreriahistoriasdebolsillo.com\/index.php\/wp-json\/wp\/v2\/product_brand?post=5064"},{"taxonomy":"product_cat","embeddable":true,"href":"https:\/\/libreriahistoriasdebolsillo.com\/index.php\/wp-json\/wp\/v2\/product_cat?post=5064"},{"taxonomy":"product_tag","embeddable":true,"href":"https:\/\/libreriahistoriasdebolsillo.com\/index.php\/wp-json\/wp\/v2\/product_tag?post=5064"}],"curies":[{"name":"wp","href":"https:\/\/api.w.org\/{rel}","templated":true}]}}