{"id":5066,"date":"2024-07-02T15:47:07","date_gmt":"2024-07-02T21:47:07","guid":{"rendered":"https:\/\/libreriahistoriasdebolsillo.com\/?post_type=product&#038;p=5066"},"modified":"2026-03-27T14:36:51","modified_gmt":"2026-03-27T20:36:51","slug":"harry-potter-1-la-piedra-filosofal-nueva-portada","status":"publish","type":"product","link":"https:\/\/libreriahistoriasdebolsillo.com\/index.php\/producto\/harry-potter-1-la-piedra-filosofal-nueva-portada\/","title":{"rendered":"Harry Potter 1. La piedra filosofal (nueva portada)"},"content":{"rendered":"<p>Harry Potter nunca ha o\u00eddo hablar de Hogwarts hasta que empiezan a caer unas misteriosas cartas en la alfombra del n\u00famero 4 de Privet Drive. Aunque sus horripilantes t\u00edos se apresuran a confiscarlas, el d\u00eda que Harry cumple once a\u00f1os, Rubeus Hagrid, un hombre gigantesco cuyos ojos brillan como escarabajos negros, irrumpe con una noticia extraordinaria: Harry Potter es un mago, y le han concedido una plaza en el Colegio Hogwarts de Magia y Hechicer\u00eda. \u00a1Est\u00e1 a punto de comenzar una aventura incre\u00edble!<\/p>\n","protected":false},"excerpt":{"rendered":"<p>J.K. Rowling<\/p>\n<p>288 p\u00e1ginas<\/p>\n","protected":false},"featured_media":5067,"template":"","meta":{"_joinchat":[]},"product_brand":[],"product_cat":[39,54,52,70],"product_tag":[34],"class_list":{"0":"post-5066","1":"product","2":"type-product","3":"status-publish","4":"has-post-thumbnail","6":"product_cat-fantasia","7":"product_cat-infantil","8":"product_cat-juvenil","9":"product_cat-novedades","10":"product_tag-penguin-random-house","12":"first","13":"instock","14":"shipping-taxable","15":"purchasable","16":"product-type-simple"},"_links":{"self":[{"href":"https:\/\/libreriahistoriasdebolsillo.com\/index.php\/wp-json\/wp\/v2\/product\/5066","targetHints":{"allow":["GET"]}}],"collection":[{"href":"https:\/\/libreriahistoriasdebolsillo.com\/index.php\/wp-json\/wp\/v2\/product"}],"about":[{"href":"https:\/\/libreriahistoriasdebolsillo.com\/index.php\/wp-json\/wp\/v2\/types\/product"}],"wp:featuredmedia":[{"embeddable":true,"href":"https:\/\/libreriahistoriasdebolsillo.com\/index.php\/wp-json\/wp\/v2\/media\/5067"}],"wp:attachment":[{"href":"https:\/\/libreriahistoriasdebolsillo.com\/index.php\/wp-json\/wp\/v2\/media?parent=5066"}],"wp:term":[{"taxonomy":"product_brand","embeddable":true,"href":"https:\/\/libreriahistoriasdebolsillo.com\/index.php\/wp-json\/wp\/v2\/product_brand?post=5066"},{"taxonomy":"product_cat","embeddable":true,"href":"https:\/\/libreriahistoriasdebolsillo.com\/index.php\/wp-json\/wp\/v2\/product_cat?post=5066"},{"taxonomy":"product_tag","embeddable":true,"href":"https:\/\/libreriahistoriasdebolsillo.com\/index.php\/wp-json\/wp\/v2\/product_tag?post=5066"}],"curies":[{"name":"wp","href":"https:\/\/api.w.org\/{rel}","templated":true}]}}