{"id":5068,"date":"2024-07-02T15:49:13","date_gmt":"2024-07-02T21:49:13","guid":{"rendered":"https:\/\/libreriahistoriasdebolsillo.com\/?post_type=product&#038;p=5068"},"modified":"2026-01-19T14:02:37","modified_gmt":"2026-01-19T20:02:37","slug":"harry-potter-2-la-camara-secreta-nueva-portada","status":"publish","type":"product","link":"https:\/\/libreriahistoriasdebolsillo.com\/index.php\/producto\/harry-potter-2-la-camara-secreta-nueva-portada\/","title":{"rendered":"Harry Potter 2. La c\u00e1mara secreta (nueva portada)"},"content":{"rendered":"<p>Tras pasar el peor cumplea\u00f1os de su vida en Privet Drive, Harry recibe la visita de un elfo dom\u00e9stico llamado Dobby que le advierte que no debe asistir a Hogwarts ese curso. Dispuesto a volver al \u00fanico lugar donde es feliz, Harry llega a la escuela con la ayuda de Ron y su coche volador. Pero, una vez all\u00ed, oye unos misteriosos susurros que resuenan por los pasillos. Entonces empiezan los ataques y varios alumnos aparecen petrificados\u2026 \u00bfSe estar\u00e1n cumpliendo las siniestras predicciones de Dobby?<\/p>\n","protected":false},"excerpt":{"rendered":"<p>J.K. Rowling<\/p>\n<p>320 p\u00e1ginas<\/p>\n","protected":false},"featured_media":5069,"template":"","meta":{"_joinchat":[]},"product_brand":[],"product_cat":[39,54,52,70],"product_tag":[34],"class_list":{"0":"post-5068","1":"product","2":"type-product","3":"status-publish","4":"has-post-thumbnail","6":"product_cat-fantasia","7":"product_cat-infantil","8":"product_cat-juvenil","9":"product_cat-novedades","10":"product_tag-penguin-random-house","12":"first","13":"instock","14":"shipping-taxable","15":"purchasable","16":"product-type-simple"},"_links":{"self":[{"href":"https:\/\/libreriahistoriasdebolsillo.com\/index.php\/wp-json\/wp\/v2\/product\/5068","targetHints":{"allow":["GET"]}}],"collection":[{"href":"https:\/\/libreriahistoriasdebolsillo.com\/index.php\/wp-json\/wp\/v2\/product"}],"about":[{"href":"https:\/\/libreriahistoriasdebolsillo.com\/index.php\/wp-json\/wp\/v2\/types\/product"}],"wp:featuredmedia":[{"embeddable":true,"href":"https:\/\/libreriahistoriasdebolsillo.com\/index.php\/wp-json\/wp\/v2\/media\/5069"}],"wp:attachment":[{"href":"https:\/\/libreriahistoriasdebolsillo.com\/index.php\/wp-json\/wp\/v2\/media?parent=5068"}],"wp:term":[{"taxonomy":"product_brand","embeddable":true,"href":"https:\/\/libreriahistoriasdebolsillo.com\/index.php\/wp-json\/wp\/v2\/product_brand?post=5068"},{"taxonomy":"product_cat","embeddable":true,"href":"https:\/\/libreriahistoriasdebolsillo.com\/index.php\/wp-json\/wp\/v2\/product_cat?post=5068"},{"taxonomy":"product_tag","embeddable":true,"href":"https:\/\/libreriahistoriasdebolsillo.com\/index.php\/wp-json\/wp\/v2\/product_tag?post=5068"}],"curies":[{"name":"wp","href":"https:\/\/api.w.org\/{rel}","templated":true}]}}