{"id":5070,"date":"2024-07-02T15:52:49","date_gmt":"2024-07-02T21:52:49","guid":{"rendered":"https:\/\/libreriahistoriasdebolsillo.com\/?post_type=product&#038;p=5070"},"modified":"2024-11-01T17:26:03","modified_gmt":"2024-11-01T23:26:03","slug":"ouranos-1-los-juegos-de-la-reina-sol","status":"publish","type":"product","link":"https:\/\/libreriahistoriasdebolsillo.com\/index.php\/producto\/ouranos-1-los-juegos-de-la-reina-sol\/","title":{"rendered":"Ouranos 1. Los juegos de la reina sol"},"content":{"rendered":"<p><b>Diez mujeres. Un concurso mortal. Solo una puede ganarse el coraz\u00f3n del Rey Sol.<\/b><\/p>\n<p><b>El nuevo romantasy que necesitas &#8211; Fen\u00f3meno de BookTok<\/b><\/p>\n<p>Lor ha soportado doce largos a\u00f1os de tormento bajo el gobierno del Rey Aurora. Su \u00fanico deseo es la venganza.<\/p>\n<p>Cuando es liberada a manos del Rey Sol, Lor termina en la competici\u00f3n contra otros nueve Tributos por el papel de reina. Si gana el coraz\u00f3n del Rey Sol, obtendr\u00e1 su libertad y finalmente se vengar\u00e1.<\/p>\n<p>Pero Lor no pertenece a las Pruebas de la Reina Sol, y no entiende por qu\u00e9 ha sido liberada. Las otras tributos no se detendr\u00e1n ante nada para asegurarse de que Lor sea eliminada del tablero de juego de forma permanente.<\/p>\n<p>Si Lor no quiere morir o ser devuelta al Rey Aurora&#8230; deber\u00e1 competir por el coraz\u00f3n del Rey Sol.<\/p>\n","protected":false},"excerpt":{"rendered":"<p>Nisha J. Tuli<\/p>\n<p>384 p\u00e1ginas<\/p>\n","protected":false},"featured_media":5071,"template":"","meta":{"_joinchat":[]},"product_brand":[],"product_cat":[70,76],"product_tag":[34],"class_list":{"0":"post-5070","1":"product","2":"type-product","3":"status-publish","4":"has-post-thumbnail","6":"product_cat-novedades","7":"product_cat-romantasy","8":"product_tag-penguin-random-house","10":"first","11":"outofstock","12":"shipping-taxable","13":"purchasable","14":"product-type-simple"},"_links":{"self":[{"href":"https:\/\/libreriahistoriasdebolsillo.com\/index.php\/wp-json\/wp\/v2\/product\/5070","targetHints":{"allow":["GET"]}}],"collection":[{"href":"https:\/\/libreriahistoriasdebolsillo.com\/index.php\/wp-json\/wp\/v2\/product"}],"about":[{"href":"https:\/\/libreriahistoriasdebolsillo.com\/index.php\/wp-json\/wp\/v2\/types\/product"}],"wp:featuredmedia":[{"embeddable":true,"href":"https:\/\/libreriahistoriasdebolsillo.com\/index.php\/wp-json\/wp\/v2\/media\/5071"}],"wp:attachment":[{"href":"https:\/\/libreriahistoriasdebolsillo.com\/index.php\/wp-json\/wp\/v2\/media?parent=5070"}],"wp:term":[{"taxonomy":"product_brand","embeddable":true,"href":"https:\/\/libreriahistoriasdebolsillo.com\/index.php\/wp-json\/wp\/v2\/product_brand?post=5070"},{"taxonomy":"product_cat","embeddable":true,"href":"https:\/\/libreriahistoriasdebolsillo.com\/index.php\/wp-json\/wp\/v2\/product_cat?post=5070"},{"taxonomy":"product_tag","embeddable":true,"href":"https:\/\/libreriahistoriasdebolsillo.com\/index.php\/wp-json\/wp\/v2\/product_tag?post=5070"}],"curies":[{"name":"wp","href":"https:\/\/api.w.org\/{rel}","templated":true}]}}