{"id":5082,"date":"2024-07-02T16:11:43","date_gmt":"2024-07-02T22:11:43","guid":{"rendered":"https:\/\/libreriahistoriasdebolsillo.com\/?post_type=product&#038;p=5082"},"modified":"2025-11-26T18:24:02","modified_gmt":"2025-11-27T00:24:02","slug":"taylor-swift-diario-de-un-swiftie","status":"publish","type":"product","link":"https:\/\/libreriahistoriasdebolsillo.com\/index.php\/producto\/taylor-swift-diario-de-un-swiftie\/","title":{"rendered":"Taylor Swift. Diario de un Swiftie"},"content":{"rendered":"<p>Todo el mundo sabe qui\u00e9n es Taylor Swift: su reputaci\u00f3n la precede. Artista, compositora, actriz, directora, ganadora de miles de premios. En conclusi\u00f3n, una de las figuras m\u00e1s importantes de la industria musical hoy en d\u00eda. Pero \u00bfc\u00f3mo se ha transformado Taylor Swift en uno de los grandes iconos musicales del siglo XXI? \u00bfQu\u00e9 tiene su m\u00fasica para conseguir atrapar a tanta gente y despertar una fidelidad casi religiosa en sus seguidores? \u00bfQu\u00e9 hay en sus letras para que toda una generaci\u00f3n se sienta reflejada en ellas? Este diario trata de responder a esas preguntas. Aqu\u00ed, la vida de alguien que lleva toda su vida escuchando a Taylor Swift (alguien que podr\u00edas ser t\u00fa) y la de Taylor se mezclan y se confunden. Porque seguro que esto es lo que t\u00fa has sentido alguna vez, \u00bfverdad? Que Taylor, al hablar de s\u00ed misma, hablaba tambi\u00e9n de ti y de todas esas cosas que recuerdas demasiado bien. CONTIENE: *En este diario encontrar\u00e1s varios fragmentos de la vida de Taylor: sus \u00e9xitos, sus fracasos, las cosas que m\u00e1s la han marcado a lo largo de los a\u00f1os.<\/p>\n<p>Ilustraciones in\u00e9ditas, exclusivas y a todo color de cada era recreadas por Laia L\u00f3pez.<\/p>\n","protected":false},"excerpt":{"rendered":"<p>120 p\u00e1ginas<\/p>\n","protected":false},"featured_media":5083,"template":"","meta":{"_joinchat":[]},"product_brand":[],"product_cat":[52],"product_tag":[34],"class_list":{"0":"post-5082","1":"product","2":"type-product","3":"status-publish","4":"has-post-thumbnail","6":"product_cat-juvenil","7":"product_tag-penguin-random-house","9":"first","10":"outofstock","11":"shipping-taxable","12":"purchasable","13":"product-type-simple"},"_links":{"self":[{"href":"https:\/\/libreriahistoriasdebolsillo.com\/index.php\/wp-json\/wp\/v2\/product\/5082","targetHints":{"allow":["GET"]}}],"collection":[{"href":"https:\/\/libreriahistoriasdebolsillo.com\/index.php\/wp-json\/wp\/v2\/product"}],"about":[{"href":"https:\/\/libreriahistoriasdebolsillo.com\/index.php\/wp-json\/wp\/v2\/types\/product"}],"wp:featuredmedia":[{"embeddable":true,"href":"https:\/\/libreriahistoriasdebolsillo.com\/index.php\/wp-json\/wp\/v2\/media\/5083"}],"wp:attachment":[{"href":"https:\/\/libreriahistoriasdebolsillo.com\/index.php\/wp-json\/wp\/v2\/media?parent=5082"}],"wp:term":[{"taxonomy":"product_brand","embeddable":true,"href":"https:\/\/libreriahistoriasdebolsillo.com\/index.php\/wp-json\/wp\/v2\/product_brand?post=5082"},{"taxonomy":"product_cat","embeddable":true,"href":"https:\/\/libreriahistoriasdebolsillo.com\/index.php\/wp-json\/wp\/v2\/product_cat?post=5082"},{"taxonomy":"product_tag","embeddable":true,"href":"https:\/\/libreriahistoriasdebolsillo.com\/index.php\/wp-json\/wp\/v2\/product_tag?post=5082"}],"curies":[{"name":"wp","href":"https:\/\/api.w.org\/{rel}","templated":true}]}}