{"id":5084,"date":"2024-07-02T16:14:11","date_gmt":"2024-07-02T22:14:11","guid":{"rendered":"https:\/\/libreriahistoriasdebolsillo.com\/?post_type=product&#038;p=5084"},"modified":"2025-11-26T18:24:07","modified_gmt":"2025-11-27T00:24:07","slug":"cantame-en-silencio-1","status":"publish","type":"product","link":"https:\/\/libreriahistoriasdebolsillo.com\/index.php\/producto\/cantame-en-silencio-1\/","title":{"rendered":"C\u00e1ntame en silencio 1"},"content":{"rendered":"<p><b>\u00bfPUEDES PENSAR EN ALGO QUE C\u00c1NTAME<\/b>\u00a0<b>REALMENTE TE HAGA SENTIR?<\/b><\/p>\n<p><b>\u00bfALGO QUE TE MUEVA TANTO<\/b>\u00a0<b>POR DENTRO, CONVIRTIENDO TUS<\/b>\u00a0<b>CINCO SENTIDOS EN UNO SOLO?<\/b><\/p>\n<p>Yo s\u00e9 qu\u00e9 es ese algo\u2026 porque ese algo \u00a1<b>soy yo<\/b>! \u00bfY c\u00f3mo lo s\u00e9? Porque me llamo \u201c<b>M\u00fasica<\/b>\u201d y me dedico a mover corazones. A veces soy algo\u00a0<b>\u00edntimo<\/b>, perotambi\u00e9n me encuentras moviendo a las masas. No es por presumir, pero tengo millones de enamorados alrededor del mundo, y\u00a0<b>Marina<\/b>\u00a0<b>Fogare<\/b>, no es la excepci\u00f3n.<\/p>\n<p>Marina,una joven de 22 a\u00f1os, ha so\u00f1ado conmigo su vida entera, pero la\u00a0<b>\u00e9lite<\/b>\u00a0en la que vive y, sobre todo, las\u00a0<b>cr\u00edticas<\/b>\u00a0de sus pap\u00e1s la han llevado por otro camino: el \u201cque todos deber\u00edan seguir\u201d.<\/p>\n<p>En plena d\u00e9cada de\u00a0<b>1980<\/b>, ella sale a bailar a la discoteca m\u00e1s famosa y cosmopolita de la ciudad, y para su sorpresa se encuentra con la \u00faltima persona que hubiera esperado ver ah\u00ed:\u00a0<b>Milo Vega<\/b>, un hombre guap\u00edsimo con pinta de peligro y que, adem\u00e1s, es el\u00a0<b>vocalista<\/b>\u00a0de una de las bandas m\u00e1s famosas de\u00a0<b>rock<\/b>. Ella sabe perfectamente qui\u00e9n es \u00e9l y \u00e9l no puede apartar la vista de ella.<\/p>\n<p>Despu\u00e9s de esa noche, la vida de Marina da un giro de 180 grados cuando la polic\u00eda encuentra el\u00a0<b>cuerpo<\/b>\u00a0de una joven, en el mismo lugar donde ella y Milo hab\u00edan estado.<\/p>\n<p>Una historia llena de\u00a0<b>amor<\/b>, m\u00fasica y\u00a0<b>suspenso<\/b>\u00a0que definitivamente elevar\u00e1 el volumen de tus sentidos y acelerar\u00e1 el ritmo de tu coraz\u00f3n.<\/p>\n","protected":false},"excerpt":{"rendered":"<p>M\u00f3nica Echhenique<\/p>\n<p>480 p\u00e1ginas<\/p>\n","protected":false},"featured_media":5085,"template":"","meta":{"_joinchat":[]},"product_brand":[],"product_cat":[52,35],"product_tag":[34],"class_list":{"0":"post-5084","1":"product","2":"type-product","3":"status-publish","4":"has-post-thumbnail","6":"product_cat-juvenil","7":"product_cat-romantica","8":"product_tag-penguin-random-house","10":"first","11":"outofstock","12":"shipping-taxable","13":"purchasable","14":"product-type-simple"},"_links":{"self":[{"href":"https:\/\/libreriahistoriasdebolsillo.com\/index.php\/wp-json\/wp\/v2\/product\/5084","targetHints":{"allow":["GET"]}}],"collection":[{"href":"https:\/\/libreriahistoriasdebolsillo.com\/index.php\/wp-json\/wp\/v2\/product"}],"about":[{"href":"https:\/\/libreriahistoriasdebolsillo.com\/index.php\/wp-json\/wp\/v2\/types\/product"}],"wp:featuredmedia":[{"embeddable":true,"href":"https:\/\/libreriahistoriasdebolsillo.com\/index.php\/wp-json\/wp\/v2\/media\/5085"}],"wp:attachment":[{"href":"https:\/\/libreriahistoriasdebolsillo.com\/index.php\/wp-json\/wp\/v2\/media?parent=5084"}],"wp:term":[{"taxonomy":"product_brand","embeddable":true,"href":"https:\/\/libreriahistoriasdebolsillo.com\/index.php\/wp-json\/wp\/v2\/product_brand?post=5084"},{"taxonomy":"product_cat","embeddable":true,"href":"https:\/\/libreriahistoriasdebolsillo.com\/index.php\/wp-json\/wp\/v2\/product_cat?post=5084"},{"taxonomy":"product_tag","embeddable":true,"href":"https:\/\/libreriahistoriasdebolsillo.com\/index.php\/wp-json\/wp\/v2\/product_tag?post=5084"}],"curies":[{"name":"wp","href":"https:\/\/api.w.org\/{rel}","templated":true}]}}