{"id":5090,"date":"2024-07-02T16:21:04","date_gmt":"2024-07-02T22:21:04","guid":{"rendered":"https:\/\/libreriahistoriasdebolsillo.com\/?post_type=product&#038;p=5090"},"modified":"2025-11-26T18:24:21","modified_gmt":"2025-11-27T00:24:21","slug":"mistborn-wax-wayne-3-brazales-de-duelo","status":"publish","type":"product","link":"https:\/\/libreriahistoriasdebolsillo.com\/index.php\/producto\/mistborn-wax-wayne-3-brazales-de-duelo\/","title":{"rendered":"Mistborn Wax &#038; Wayne 3. Brazales de duelo"},"content":{"rendered":"<p><b>UNA EXPEDICI\u00d3N M\u00c1GICA. UN VIAJE AL SUR.<\/b><\/p>\n<p><b>MISTBORN EXPANDE SUS HORIZONTES.<\/b><\/p>\n<p>Los Brazales de Duelo son las mentes de metal que anta\u00f1o posey\u00f3 el\u00a0<b>lord Legislador<\/b>. Casi nadie cree en su existencia, pero un\u00a0<b>investigador<\/b>\u00a0kandra regresa a Elendel con evidencias y una imagen que conmociona a\u00a0<b>Waxillium<\/b>\u00a0<b>Ladrian<\/b>: una fotograf\u00eda de su hermana Telsin apresada por su t\u00edo, el l\u00edder de una siniestra organizaci\u00f3n conocida como\u00a0<b>el Grupo<\/b>.<\/p>\n<p>Wax viaja al sur para investigar acompa\u00f1ado de Wayne, Marasi y MeLaan. All\u00ed descubren que el Grupo ha encontrado los restos de un<b>misterioso<\/b>\u00a0barco y tiene prisionero a un\u00a0<b>superviviente enmascarado<\/b>. \u00bfPodr\u00e1n Wax y los suyos localizar los\u00a0<b>Brazales<\/b>\u00a0antes de que caigan en manos equivocadas?<\/p>\n","protected":false},"excerpt":{"rendered":"<p>Brandon Sanderson<\/p>\n<p>512 p\u00e1ginas<\/p>\n","protected":false},"featured_media":5091,"template":"","meta":{"_joinchat":[]},"product_brand":[],"product_cat":[39],"product_tag":[34],"class_list":{"0":"post-5090","1":"product","2":"type-product","3":"status-publish","4":"has-post-thumbnail","6":"product_cat-fantasia","7":"product_tag-penguin-random-house","9":"first","10":"outofstock","11":"shipping-taxable","12":"purchasable","13":"product-type-simple"},"_links":{"self":[{"href":"https:\/\/libreriahistoriasdebolsillo.com\/index.php\/wp-json\/wp\/v2\/product\/5090","targetHints":{"allow":["GET"]}}],"collection":[{"href":"https:\/\/libreriahistoriasdebolsillo.com\/index.php\/wp-json\/wp\/v2\/product"}],"about":[{"href":"https:\/\/libreriahistoriasdebolsillo.com\/index.php\/wp-json\/wp\/v2\/types\/product"}],"wp:featuredmedia":[{"embeddable":true,"href":"https:\/\/libreriahistoriasdebolsillo.com\/index.php\/wp-json\/wp\/v2\/media\/5091"}],"wp:attachment":[{"href":"https:\/\/libreriahistoriasdebolsillo.com\/index.php\/wp-json\/wp\/v2\/media?parent=5090"}],"wp:term":[{"taxonomy":"product_brand","embeddable":true,"href":"https:\/\/libreriahistoriasdebolsillo.com\/index.php\/wp-json\/wp\/v2\/product_brand?post=5090"},{"taxonomy":"product_cat","embeddable":true,"href":"https:\/\/libreriahistoriasdebolsillo.com\/index.php\/wp-json\/wp\/v2\/product_cat?post=5090"},{"taxonomy":"product_tag","embeddable":true,"href":"https:\/\/libreriahistoriasdebolsillo.com\/index.php\/wp-json\/wp\/v2\/product_tag?post=5090"}],"curies":[{"name":"wp","href":"https:\/\/api.w.org\/{rel}","templated":true}]}}