{"id":5094,"date":"2024-07-02T16:25:17","date_gmt":"2024-07-02T22:25:17","guid":{"rendered":"https:\/\/libreriahistoriasdebolsillo.com\/?post_type=product&#038;p=5094"},"modified":"2026-03-21T13:59:22","modified_gmt":"2026-03-21T19:59:22","slug":"las-leyes-de-la-suerte","status":"publish","type":"product","link":"https:\/\/libreriahistoriasdebolsillo.com\/index.php\/producto\/las-leyes-de-la-suerte\/","title":{"rendered":"Las leyes de la suerte"},"content":{"rendered":"<p><b>\u00a1ATRAE LA SUERTE A TU VIDA!<\/b><\/p>\n<p>El\u00a0<b>\u00e9xito<\/b>\u00a0y la\u00a0<b>felicidad<\/b>\u00a0no son accidentales. El autor bestseller\u00a0<b>Brian Tracy<\/b>\u00a0revela las claves para desbloquear tu\u00a0<b>potencial<\/b>\u00a0y alcanzar tus metas. No se trata de suerte, sino de aplicar estrat\u00e9gicamente los principios probados del \u00e9xito. \u00bfCu\u00e1l es la clave? Si quieres tener \u00e9xito, haz lo que hacen las\u00a0<b>personas exitosas<\/b>. As\u00ed de simple.<\/p>\n<p>Permite que Brian te ense\u00f1e las\u00a0<b>habilidades<\/b>\u00a0que necesitas para alcanzar la satisfacci\u00f3n del \u00e9xito en todas las \u00e1reas de tu vida. Aprende c\u00f3mo:<\/p>\n<p>Utilizar los\u00a0<b>principios<\/b>\u00a0de causa y efecto para obtener lo que deseas.<\/p>\n<p>Enfocar tu vida estableciendo\u00a0<b>metas<\/b>\u00a0claras y por escrito.<\/p>\n<p>Maximizar el conocimiento que necesitas para la\u00a0<b>prosperidad<\/b>.<\/p>\n<p>Utilizar el poder del h\u00e1bito para encaminar tu vida hacia su mejor curso.<\/p>\n<p>Aumentar tu\u00a0<b>magnetismo<\/b>\u00a0personal utilizando el poder imparable de la empat\u00eda.<\/p>\n<p>Lograr la\u00a0<b>independencia financiera<\/b>\u00a0y la riqueza.<\/p>\n<p>Afinar el poder milagroso de tu mente.<\/p>\n<p>Adquirir virtudes como el coraje y la persistencia, que son esenciales para cualquier gran vida.<\/p>\n<p>Con este m\u00e9todo lograr\u00e1s m\u00e1s en menos tiempo y ser\u00e1s reconocido como unverdadero triunfador. \u00a1Prep\u00e1rate para transformar tu vida y alcanzar tus\u00a0<b>sue\u00f1os<\/b>\u00a0teniendo certeza desde el principio!<\/p>\n","protected":false},"excerpt":{"rendered":"<p>Brian Tracy<\/p>\n<p>224 p\u00e1ginas<\/p>\n","protected":false},"featured_media":5095,"template":"","meta":{"_joinchat":[]},"product_brand":[],"product_cat":[58,41],"product_tag":[34],"class_list":{"0":"post-5094","1":"product","2":"type-product","3":"status-publish","4":"has-post-thumbnail","6":"product_cat-desarrollo-humano-y-superacion","7":"product_cat-desarrollo-humano","8":"product_tag-penguin-random-house","10":"first","11":"outofstock","12":"shipping-taxable","13":"purchasable","14":"product-type-simple"},"_links":{"self":[{"href":"https:\/\/libreriahistoriasdebolsillo.com\/index.php\/wp-json\/wp\/v2\/product\/5094","targetHints":{"allow":["GET"]}}],"collection":[{"href":"https:\/\/libreriahistoriasdebolsillo.com\/index.php\/wp-json\/wp\/v2\/product"}],"about":[{"href":"https:\/\/libreriahistoriasdebolsillo.com\/index.php\/wp-json\/wp\/v2\/types\/product"}],"wp:featuredmedia":[{"embeddable":true,"href":"https:\/\/libreriahistoriasdebolsillo.com\/index.php\/wp-json\/wp\/v2\/media\/5095"}],"wp:attachment":[{"href":"https:\/\/libreriahistoriasdebolsillo.com\/index.php\/wp-json\/wp\/v2\/media?parent=5094"}],"wp:term":[{"taxonomy":"product_brand","embeddable":true,"href":"https:\/\/libreriahistoriasdebolsillo.com\/index.php\/wp-json\/wp\/v2\/product_brand?post=5094"},{"taxonomy":"product_cat","embeddable":true,"href":"https:\/\/libreriahistoriasdebolsillo.com\/index.php\/wp-json\/wp\/v2\/product_cat?post=5094"},{"taxonomy":"product_tag","embeddable":true,"href":"https:\/\/libreriahistoriasdebolsillo.com\/index.php\/wp-json\/wp\/v2\/product_tag?post=5094"}],"curies":[{"name":"wp","href":"https:\/\/api.w.org\/{rel}","templated":true}]}}