{"id":5096,"date":"2024-07-02T16:27:12","date_gmt":"2024-07-02T22:27:12","guid":{"rendered":"https:\/\/libreriahistoriasdebolsillo.com\/?post_type=product&#038;p=5096"},"modified":"2025-11-26T18:24:37","modified_gmt":"2025-11-27T00:24:37","slug":"mujeres-que-arden","status":"publish","type":"product","link":"https:\/\/libreriahistoriasdebolsillo.com\/index.php\/producto\/mujeres-que-arden\/","title":{"rendered":"Mujeres que arden"},"content":{"rendered":"<p><b>LA PRIMERA NOVELA DE MAR\u00cdA ESCLAPEZ, AUTORA DE\u00a0<\/b><i><b>ME QUIERO, TE QUIERO<\/b><\/i><\/p>\n<p><b>\u00abSomos mujeres que arden. Nuestra fuerza es inquebrantable, y nuestra resistencia, eterna. Luchemos y dejemos huella en el mundo. Si nos queman, renaceremos de nuestras cenizas\u00bb.<\/b><\/p>\n<p>Toledo, a\u00f1o 2023. Eleonor se ha dado cuenta de que lleva a\u00f1os viviendo una vida que no quiere. Atrapada en una relaci\u00f3n t\u00f3xica, en una ciudad que la asfixia y con un trabajo que la consume, decide viajar hasta Toledo, su ciudad natal, e instalarse en casa de su abuelo, que muri\u00f3 hace unos meses. Pero cuando llega a la antigua residencia familiar, la encuentra casi tan desordenada como su cabeza: hay un sinf\u00edn de antig\u00fcedades y cientos de libros a medio catalogar, entre ellos, un estropeado diario manuscrito del siglo XVI.<\/p>\n<p><b>DOS MUJERES SEPARADAS POR SIGLOS.<\/b><\/p>\n<p><b>UN SECRETO QUE LAS UNE.<\/b><\/p>\n<p><b>UNA NOVELA PARA RENACER DE TUS CENIZAS.<\/b><\/p>\n<p>En una intriga a dos tiempos descubriremos que Eleonor y la autora del diario deber\u00e1n luchar contra un mismo enemigo: aquellos que quieren silenciar la violencia y que est\u00e1n dispuestos a todo para conseguirlo. Ser\u00e1n ellas las que nos muestren que solo nuestra fuerza interior nos salvar\u00e1 del fuego.<\/p>\n","protected":false},"excerpt":{"rendered":"<p>Mar\u00eda Esclapez<\/p>\n<p>288 p\u00e1ginas<\/p>\n","protected":false},"featured_media":5097,"template":"","meta":{"_joinchat":[]},"product_brand":[],"product_cat":[33],"product_tag":[34],"class_list":{"0":"post-5096","1":"product","2":"type-product","3":"status-publish","4":"has-post-thumbnail","6":"product_cat-ficcion-general","7":"product_tag-penguin-random-house","9":"first","10":"outofstock","11":"shipping-taxable","12":"purchasable","13":"product-type-simple"},"_links":{"self":[{"href":"https:\/\/libreriahistoriasdebolsillo.com\/index.php\/wp-json\/wp\/v2\/product\/5096","targetHints":{"allow":["GET"]}}],"collection":[{"href":"https:\/\/libreriahistoriasdebolsillo.com\/index.php\/wp-json\/wp\/v2\/product"}],"about":[{"href":"https:\/\/libreriahistoriasdebolsillo.com\/index.php\/wp-json\/wp\/v2\/types\/product"}],"wp:featuredmedia":[{"embeddable":true,"href":"https:\/\/libreriahistoriasdebolsillo.com\/index.php\/wp-json\/wp\/v2\/media\/5097"}],"wp:attachment":[{"href":"https:\/\/libreriahistoriasdebolsillo.com\/index.php\/wp-json\/wp\/v2\/media?parent=5096"}],"wp:term":[{"taxonomy":"product_brand","embeddable":true,"href":"https:\/\/libreriahistoriasdebolsillo.com\/index.php\/wp-json\/wp\/v2\/product_brand?post=5096"},{"taxonomy":"product_cat","embeddable":true,"href":"https:\/\/libreriahistoriasdebolsillo.com\/index.php\/wp-json\/wp\/v2\/product_cat?post=5096"},{"taxonomy":"product_tag","embeddable":true,"href":"https:\/\/libreriahistoriasdebolsillo.com\/index.php\/wp-json\/wp\/v2\/product_tag?post=5096"}],"curies":[{"name":"wp","href":"https:\/\/api.w.org\/{rel}","templated":true}]}}