{"id":5100,"date":"2024-07-02T16:31:40","date_gmt":"2024-07-02T22:31:40","guid":{"rendered":"https:\/\/libreriahistoriasdebolsillo.com\/?post_type=product&#038;p=5100"},"modified":"2025-11-26T18:24:46","modified_gmt":"2025-11-27T00:24:46","slug":"ales-junto-a-la-hoguera","status":"publish","type":"product","link":"https:\/\/libreriahistoriasdebolsillo.com\/index.php\/producto\/ales-junto-a-la-hoguera\/","title":{"rendered":"Ales junto a la hoguera"},"content":{"rendered":"<p><b>\u00abLeer a Fosse desencadena una curiosa euforia, una fascinaci\u00f3n pr\u00f3xima a la que generan las leyendas o los mitos.\u00bb<\/b><\/p>\n<p><b>-Pilar Ad\u00f3n<\/b><\/p>\n<p>Sola en su vieja casa de la costa noruega, Signe mira por la ventana y se ve a s\u00ed misma veinte a\u00f1os atr\u00e1s, sentada ante la misma ventana, mientras espera el regreso de su marido, Asle, durante una terrible tarde de finales de noviembre en la que \u00e9l se subi\u00f3 a su bote de remos para no regresar. En una suerte de caleidoscopio, las im\u00e1genes de aquel tr\u00e1gico d\u00eda se superponen a visiones del pasado y su vida en com\u00fan, pero tambi\u00e9n con recuerdos que abarcan cinco generaciones de un clan familiar y su lucha constante contra la inclemente naturaleza que les rodea, hasta llegar a Ales, la tatarabuela de Asle.<\/p>\n<p>En la prosa v\u00edvida y alucinatoria de Jon Fosse, todos esos momentos habitan el mismo espacio, y los fantasmas del pasado colisionan con los vivos.\u00a0<i>Ales junto a la<\/i>\u00a0<i>hoguera<\/i>\u00a0es una visionaria obra maestra, una inquietante exploraci\u00f3n del amor y de la p\u00e9rdida que se encuentra entre las m\u00e1s bellas meditaciones sobre el matrimonio y el destino humano.<\/p>\n","protected":false},"excerpt":{"rendered":"<p>Jon Fosse<\/p>\n<p>112 p\u00e1ginas<\/p>\n","protected":false},"featured_media":5101,"template":"","meta":{"_joinchat":[]},"product_brand":[],"product_cat":[33,51],"product_tag":[34],"class_list":{"0":"post-5100","1":"product","2":"type-product","3":"status-publish","4":"has-post-thumbnail","6":"product_cat-ficcion-general","7":"product_cat-oferta","8":"product_tag-penguin-random-house","10":"first","11":"outofstock","12":"shipping-taxable","13":"purchasable","14":"product-type-simple"},"_links":{"self":[{"href":"https:\/\/libreriahistoriasdebolsillo.com\/index.php\/wp-json\/wp\/v2\/product\/5100","targetHints":{"allow":["GET"]}}],"collection":[{"href":"https:\/\/libreriahistoriasdebolsillo.com\/index.php\/wp-json\/wp\/v2\/product"}],"about":[{"href":"https:\/\/libreriahistoriasdebolsillo.com\/index.php\/wp-json\/wp\/v2\/types\/product"}],"wp:featuredmedia":[{"embeddable":true,"href":"https:\/\/libreriahistoriasdebolsillo.com\/index.php\/wp-json\/wp\/v2\/media\/5101"}],"wp:attachment":[{"href":"https:\/\/libreriahistoriasdebolsillo.com\/index.php\/wp-json\/wp\/v2\/media?parent=5100"}],"wp:term":[{"taxonomy":"product_brand","embeddable":true,"href":"https:\/\/libreriahistoriasdebolsillo.com\/index.php\/wp-json\/wp\/v2\/product_brand?post=5100"},{"taxonomy":"product_cat","embeddable":true,"href":"https:\/\/libreriahistoriasdebolsillo.com\/index.php\/wp-json\/wp\/v2\/product_cat?post=5100"},{"taxonomy":"product_tag","embeddable":true,"href":"https:\/\/libreriahistoriasdebolsillo.com\/index.php\/wp-json\/wp\/v2\/product_tag?post=5100"}],"curies":[{"name":"wp","href":"https:\/\/api.w.org\/{rel}","templated":true}]}}