{"id":5117,"date":"2024-07-03T18:17:09","date_gmt":"2024-07-04T00:17:09","guid":{"rendered":"https:\/\/libreriahistoriasdebolsillo.com\/?post_type=product&#038;p=5117"},"modified":"2026-03-13T15:07:23","modified_gmt":"2026-03-13T21:07:23","slug":"verity-la-sombra-de-un-engano","status":"publish","type":"product","link":"https:\/\/libreriahistoriasdebolsillo.com\/index.php\/producto\/verity-la-sombra-de-un-engano\/","title":{"rendered":"Verity. La sombra de un enga\u00f1o"},"content":{"rendered":"<p>Lowen Ashleigh, autora al borde de la bancarrota, recibe un encargo que le cambiar\u00e1 la vida: Jeremy, el flamante marido de Verity Crawford, una de las autoras m\u00e1s importantes del momento, la contrata para terminar la serie de libros en la que trabajaba su mujer antes de sufrir un grave accidente que la ha dejado en coma. Lowen se instala en la mansi\u00f3n del matrimonio para poder trabajar en las notas en las que trabajaba Verity, con la esperanza de encontrar material suficiente para empezar con su encargo, pero lo que no esperaba descubrir en la ca\u00f3tica oficina es una autobiograf\u00eda de la propia Verity, escondida para que nunca salga a la luz.<\/p>\n","protected":false},"excerpt":{"rendered":"<p>Colleen Hoover<\/p>\n","protected":false},"featured_media":5118,"template":"","meta":{"_joinchat":[]},"product_brand":[],"product_cat":[37],"product_tag":[45],"class_list":{"0":"post-5117","1":"product","2":"type-product","3":"status-publish","4":"has-post-thumbnail","6":"product_cat-misterio-y-thriller","7":"product_tag-planeta","9":"first","10":"outofstock","11":"shipping-taxable","12":"purchasable","13":"product-type-simple"},"_links":{"self":[{"href":"https:\/\/libreriahistoriasdebolsillo.com\/index.php\/wp-json\/wp\/v2\/product\/5117","targetHints":{"allow":["GET"]}}],"collection":[{"href":"https:\/\/libreriahistoriasdebolsillo.com\/index.php\/wp-json\/wp\/v2\/product"}],"about":[{"href":"https:\/\/libreriahistoriasdebolsillo.com\/index.php\/wp-json\/wp\/v2\/types\/product"}],"wp:featuredmedia":[{"embeddable":true,"href":"https:\/\/libreriahistoriasdebolsillo.com\/index.php\/wp-json\/wp\/v2\/media\/5118"}],"wp:attachment":[{"href":"https:\/\/libreriahistoriasdebolsillo.com\/index.php\/wp-json\/wp\/v2\/media?parent=5117"}],"wp:term":[{"taxonomy":"product_brand","embeddable":true,"href":"https:\/\/libreriahistoriasdebolsillo.com\/index.php\/wp-json\/wp\/v2\/product_brand?post=5117"},{"taxonomy":"product_cat","embeddable":true,"href":"https:\/\/libreriahistoriasdebolsillo.com\/index.php\/wp-json\/wp\/v2\/product_cat?post=5117"},{"taxonomy":"product_tag","embeddable":true,"href":"https:\/\/libreriahistoriasdebolsillo.com\/index.php\/wp-json\/wp\/v2\/product_tag?post=5117"}],"curies":[{"name":"wp","href":"https:\/\/api.w.org\/{rel}","templated":true}]}}