{"id":5140,"date":"2024-07-08T16:28:03","date_gmt":"2024-07-08T22:28:03","guid":{"rendered":"https:\/\/libreriahistoriasdebolsillo.com\/?post_type=product&#038;p=5140"},"modified":"2024-11-11T10:41:47","modified_gmt":"2024-11-11T16:41:47","slug":"mexicoland","status":"publish","type":"product","link":"https:\/\/libreriahistoriasdebolsillo.com\/index.php\/producto\/mexicoland\/","title":{"rendered":"Mexicoland"},"content":{"rendered":"<p>Secretos, aventuras y amor te esperan en el lugar m\u00e1s lujoso y feroz del mundo: Mexicoland. Mexicoland es perfecto, de M\u00e9xico en un sololugar: historia, m\u00fasica y comida. Lo malo es que todo es falso. Es un parque de diversiones en el futuro, el resto del pa\u00eds ha colapsado por la violencia y la anarqu\u00eda. Apenas sobrevive un peque\u00f1o territorio donde se funda M\u00e9xico Nuevo, una sociedad en la que cualquier delito es castigado con extrema crueldad. Ah\u00ed, Cuauht\u00e9moc Rojo, en un solo d\u00eda, se queda sin padres, escuela y casa. Pronto descubrir\u00e1 que si quiere sobrevivir, necesita encontrar respuestas: \u00bfqui\u00e9nes son esos extra\u00f1os ancianos que lo vigilan? \u00bfQu\u00e9 sucedi\u00f3 en realidad en el accidente de sus padres? \u00bfQu\u00e9 se oculta detr\u00e1s de los enormes muros que rodean las ciudades? Una distop\u00eda mexicana, con el humor y la acidez de Jaime Alfonso Sandoval.<\/p>\n","protected":false},"excerpt":{"rendered":"<p>Jaime Alfonso Sandoval<\/p>\n<p>424 p\u00e1ginas<\/p>\n","protected":false},"featured_media":5141,"template":"","meta":{"_joinchat":[]},"product_brand":[],"product_cat":[39,52],"product_tag":[34],"class_list":{"0":"post-5140","1":"product","2":"type-product","3":"status-publish","4":"has-post-thumbnail","6":"product_cat-fantasia","7":"product_cat-juvenil","8":"product_tag-penguin-random-house","10":"first","11":"outofstock","12":"shipping-taxable","13":"purchasable","14":"product-type-simple"},"_links":{"self":[{"href":"https:\/\/libreriahistoriasdebolsillo.com\/index.php\/wp-json\/wp\/v2\/product\/5140","targetHints":{"allow":["GET"]}}],"collection":[{"href":"https:\/\/libreriahistoriasdebolsillo.com\/index.php\/wp-json\/wp\/v2\/product"}],"about":[{"href":"https:\/\/libreriahistoriasdebolsillo.com\/index.php\/wp-json\/wp\/v2\/types\/product"}],"wp:featuredmedia":[{"embeddable":true,"href":"https:\/\/libreriahistoriasdebolsillo.com\/index.php\/wp-json\/wp\/v2\/media\/5141"}],"wp:attachment":[{"href":"https:\/\/libreriahistoriasdebolsillo.com\/index.php\/wp-json\/wp\/v2\/media?parent=5140"}],"wp:term":[{"taxonomy":"product_brand","embeddable":true,"href":"https:\/\/libreriahistoriasdebolsillo.com\/index.php\/wp-json\/wp\/v2\/product_brand?post=5140"},{"taxonomy":"product_cat","embeddable":true,"href":"https:\/\/libreriahistoriasdebolsillo.com\/index.php\/wp-json\/wp\/v2\/product_cat?post=5140"},{"taxonomy":"product_tag","embeddable":true,"href":"https:\/\/libreriahistoriasdebolsillo.com\/index.php\/wp-json\/wp\/v2\/product_tag?post=5140"}],"curies":[{"name":"wp","href":"https:\/\/api.w.org\/{rel}","templated":true}]}}