{"id":5142,"date":"2024-07-08T16:30:17","date_gmt":"2024-07-08T22:30:17","guid":{"rendered":"https:\/\/libreriahistoriasdebolsillo.com\/?post_type=product&#038;p=5142"},"modified":"2025-11-26T18:24:51","modified_gmt":"2025-11-27T00:24:51","slug":"pokemon-region-de-paldea","status":"publish","type":"product","link":"https:\/\/libreriahistoriasdebolsillo.com\/index.php\/producto\/pokemon-region-de-paldea\/","title":{"rendered":"Pok\u00e9mon. Regi\u00f3n de Paldea"},"content":{"rendered":"<p><b>\u00a1Conoce a todos los Pok\u00e9mon de la Regi\u00f3n de Paldea con las actividades m\u00e1s divertidas!<\/b><\/p>\n<p>\u00a1Hola, Entrenador!<\/p>\n<p>Te damos la bienvenida a este libro de actividades ambientado en la maravillosa Regi\u00f3n de Paldea. Aqu\u00ed encontrar\u00e1s puzles entretenidos, juegos incre\u00edbles y un sinf\u00edn de nuevos amigos.<\/p>\n<p>\u00a1Descubre nuevos Pok\u00e9mon y prep\u00e1rate para la aventura!<\/p>\n<p>Este libro ofrece una extensa variedad de pasatiempos para diferentes tipos de Entrenadores Pok\u00e9mon, desde los m\u00e1s principiantes hasta los mayores expertos del planeta. Presume de tus conocimientos Pok\u00e9mon y resuelve todas las actividades<\/p>\n<p><b>En este libro encontrar\u00e1s:<\/b><\/p>\n<p>\u00b7 Puzles<br \/>\n\u00b7 Sopas de letras<br \/>\n\u00b7 Mensajes secretos<br \/>\n\u00b7 Laberintos<br \/>\n\u00b7 Crucigramas<br \/>\n\u00b7 Sudokus<\/p>\n<p>\u00a1Y mucho m\u00e1s!<\/p>\n","protected":false},"excerpt":{"rendered":"<p>96 p\u00e1ginas<\/p>\n","protected":false},"featured_media":5143,"template":"","meta":{"_joinchat":[]},"product_brand":[],"product_cat":[54,52],"product_tag":[34],"class_list":{"0":"post-5142","1":"product","2":"type-product","3":"status-publish","4":"has-post-thumbnail","6":"product_cat-infantil","7":"product_cat-juvenil","8":"product_tag-penguin-random-house","10":"first","11":"outofstock","12":"shipping-taxable","13":"purchasable","14":"product-type-simple"},"_links":{"self":[{"href":"https:\/\/libreriahistoriasdebolsillo.com\/index.php\/wp-json\/wp\/v2\/product\/5142","targetHints":{"allow":["GET"]}}],"collection":[{"href":"https:\/\/libreriahistoriasdebolsillo.com\/index.php\/wp-json\/wp\/v2\/product"}],"about":[{"href":"https:\/\/libreriahistoriasdebolsillo.com\/index.php\/wp-json\/wp\/v2\/types\/product"}],"wp:featuredmedia":[{"embeddable":true,"href":"https:\/\/libreriahistoriasdebolsillo.com\/index.php\/wp-json\/wp\/v2\/media\/5143"}],"wp:attachment":[{"href":"https:\/\/libreriahistoriasdebolsillo.com\/index.php\/wp-json\/wp\/v2\/media?parent=5142"}],"wp:term":[{"taxonomy":"product_brand","embeddable":true,"href":"https:\/\/libreriahistoriasdebolsillo.com\/index.php\/wp-json\/wp\/v2\/product_brand?post=5142"},{"taxonomy":"product_cat","embeddable":true,"href":"https:\/\/libreriahistoriasdebolsillo.com\/index.php\/wp-json\/wp\/v2\/product_cat?post=5142"},{"taxonomy":"product_tag","embeddable":true,"href":"https:\/\/libreriahistoriasdebolsillo.com\/index.php\/wp-json\/wp\/v2\/product_tag?post=5142"}],"curies":[{"name":"wp","href":"https:\/\/api.w.org\/{rel}","templated":true}]}}