{"id":5145,"date":"2024-07-09T09:50:35","date_gmt":"2024-07-09T15:50:35","guid":{"rendered":"https:\/\/libreriahistoriasdebolsillo.com\/?post_type=product&#038;p=5145"},"modified":"2025-11-26T18:24:57","modified_gmt":"2025-11-27T00:24:57","slug":"resistencia-un-ano-en-el-espacio","status":"publish","type":"product","link":"https:\/\/libreriahistoriasdebolsillo.com\/index.php\/producto\/resistencia-un-ano-en-el-espacio\/","title":{"rendered":"Resistencia. Un a\u00f1o en el espacio"},"content":{"rendered":"<p><b>231 498 541 kil\u00f3metros recorridos 10 880 amaneceres y anocheceres 5 440 \u00f3rbitas alrededor de la Tierra 340 d\u00edas en el espacio.<\/b><\/p>\n<p>\u00abHe aprendido que subir a un\u00a0<b>cohete<\/b>\u00a0que puede matarme es a la vez un\u00a0<b>enfrentamiento<\/b>\u00a0con la\u00a0<b>muerte<\/b>\u00a0y una\u00a0<b>aventura<\/b>\u00a0que me hace sentir m\u00e1s vivo que ninguna otra cosa que haya experimentado.\u00bb<\/p>\n<p>\u00abHe aprendido que la hierba huele de\u00a0<b>maravilla<\/b>, que sentir el viento es algo\u00a0<b>asombroso<\/b>\u00a0y que la lluvia es un milagro.\u00bb<\/p>\n<p>\u00abHe aprendido que seguir las noticias desde el\u00a0<b>espacio<\/b>\u00a0puede hacer que la\u00a0<b>Tierra<\/b>\u00a0parezca un remolino de caos y conflicto, y que ver la\u00a0<b>degradaci\u00f3n<\/b>\u00a0ambiental causada por los humanos es desolador. He aprendido tambi\u00e9n que nuestro planeta es la cosa m\u00e1s hermosa que he visto nunca y que somos afortunados de tenerla.\u00bb<\/p>\n<p>&#8211;<b>SCOTT KELLY<\/b>, r\u00e9cord de permanencia en el espacio<\/p>\n","protected":false},"excerpt":{"rendered":"<p>Scott Kelly<\/p>\n<p>447 p\u00e1ginas<\/p>\n","protected":false},"featured_media":5146,"template":"","meta":{"_joinchat":[]},"product_brand":[],"product_cat":[41],"product_tag":[34],"class_list":{"0":"post-5145","1":"product","2":"type-product","3":"status-publish","4":"has-post-thumbnail","6":"product_cat-desarrollo-humano","7":"product_tag-penguin-random-house","9":"first","10":"outofstock","11":"shipping-taxable","12":"purchasable","13":"product-type-simple"},"_links":{"self":[{"href":"https:\/\/libreriahistoriasdebolsillo.com\/index.php\/wp-json\/wp\/v2\/product\/5145","targetHints":{"allow":["GET"]}}],"collection":[{"href":"https:\/\/libreriahistoriasdebolsillo.com\/index.php\/wp-json\/wp\/v2\/product"}],"about":[{"href":"https:\/\/libreriahistoriasdebolsillo.com\/index.php\/wp-json\/wp\/v2\/types\/product"}],"wp:featuredmedia":[{"embeddable":true,"href":"https:\/\/libreriahistoriasdebolsillo.com\/index.php\/wp-json\/wp\/v2\/media\/5146"}],"wp:attachment":[{"href":"https:\/\/libreriahistoriasdebolsillo.com\/index.php\/wp-json\/wp\/v2\/media?parent=5145"}],"wp:term":[{"taxonomy":"product_brand","embeddable":true,"href":"https:\/\/libreriahistoriasdebolsillo.com\/index.php\/wp-json\/wp\/v2\/product_brand?post=5145"},{"taxonomy":"product_cat","embeddable":true,"href":"https:\/\/libreriahistoriasdebolsillo.com\/index.php\/wp-json\/wp\/v2\/product_cat?post=5145"},{"taxonomy":"product_tag","embeddable":true,"href":"https:\/\/libreriahistoriasdebolsillo.com\/index.php\/wp-json\/wp\/v2\/product_tag?post=5145"}],"curies":[{"name":"wp","href":"https:\/\/api.w.org\/{rel}","templated":true}]}}