{"id":5147,"date":"2024-07-09T09:53:01","date_gmt":"2024-07-09T15:53:01","guid":{"rendered":"https:\/\/libreriahistoriasdebolsillo.com\/?post_type=product&#038;p=5147"},"modified":"2025-07-30T17:24:22","modified_gmt":"2025-07-30T23:24:22","slug":"jane-eyre","status":"publish","type":"product","link":"https:\/\/libreriahistoriasdebolsillo.com\/index.php\/producto\/jane-eyre\/","title":{"rendered":"Jane Eyre"},"content":{"rendered":"<p>La valent\u00eda, sensatez, fuerza, car\u00e1cter y amor, convierten a Jane en una hermosa y emblem\u00e1tica institutriz, en busca de trabajo encuentra m\u00e1s, el amor.<\/p>\n<p>Jane, una ni\u00f1a de diez a\u00f1os ha quedado hu\u00e9rfana. El hermano de su madre, el se\u00f1or Reed, se hace cargo de ella cuid\u00e1ndola con amor. Sin embargo, su t\u00edo enferma y, a pesar de lo prometido en el lecho de muerte, su esposa se har\u00e1 cargo de su sobrina con crueldad y desprecio. Jane tiene car\u00e1cter y fuerza y se opondr\u00e1 a las injusticias de su t\u00eda. Como castigo a esa rebeld\u00eda, ser\u00e1 enviada a una escuela terrible, Lowood, donde se doblega la fuerza de car\u00e1cter y la inteligencia debe ocultarse. Sin embargo, su propia fortaleza y el amoroso cuidado de una maestra, la se\u00f1orita Temple, har\u00e1n que sobreviva y se convierta en una joven educada, capaz y lista para convertirse en maestra e institutriz. En busca de un trabajo que le permita sobrevivir, Jane llegar\u00e1 a la l\u00fagubre mansi\u00f3n de Thornfield, para educar a Ad\u00e9le Varens, una ni\u00f1a francesa que vive bajo el cuidado del due\u00f1o de casa, Edward Rochester. Tan misterioso como atractivo, tan inteligente como brusco, tan noble como atormentado, Rochester busca la felicidad. Pero un terrible secreto se esconde en Thornfield y lo mientras \u00e9l se enamora de Jane. \u00bfPodr\u00e1 el amor vencer a un oscuro pasado?<\/p>\n","protected":false},"excerpt":{"rendered":"<p>Charlotte Bronte<\/p>\n<p>448 p\u00e1ginas<\/p>\n","protected":false},"featured_media":5148,"template":"","meta":{"_joinchat":[]},"product_brand":[],"product_cat":[42],"product_tag":[34],"class_list":{"0":"post-5147","1":"product","2":"type-product","3":"status-publish","4":"has-post-thumbnail","6":"product_cat-literatura-clasica","7":"product_tag-penguin-random-house","9":"first","10":"outofstock","11":"shipping-taxable","12":"purchasable","13":"product-type-simple"},"_links":{"self":[{"href":"https:\/\/libreriahistoriasdebolsillo.com\/index.php\/wp-json\/wp\/v2\/product\/5147","targetHints":{"allow":["GET"]}}],"collection":[{"href":"https:\/\/libreriahistoriasdebolsillo.com\/index.php\/wp-json\/wp\/v2\/product"}],"about":[{"href":"https:\/\/libreriahistoriasdebolsillo.com\/index.php\/wp-json\/wp\/v2\/types\/product"}],"wp:featuredmedia":[{"embeddable":true,"href":"https:\/\/libreriahistoriasdebolsillo.com\/index.php\/wp-json\/wp\/v2\/media\/5148"}],"wp:attachment":[{"href":"https:\/\/libreriahistoriasdebolsillo.com\/index.php\/wp-json\/wp\/v2\/media?parent=5147"}],"wp:term":[{"taxonomy":"product_brand","embeddable":true,"href":"https:\/\/libreriahistoriasdebolsillo.com\/index.php\/wp-json\/wp\/v2\/product_brand?post=5147"},{"taxonomy":"product_cat","embeddable":true,"href":"https:\/\/libreriahistoriasdebolsillo.com\/index.php\/wp-json\/wp\/v2\/product_cat?post=5147"},{"taxonomy":"product_tag","embeddable":true,"href":"https:\/\/libreriahistoriasdebolsillo.com\/index.php\/wp-json\/wp\/v2\/product_tag?post=5147"}],"curies":[{"name":"wp","href":"https:\/\/api.w.org\/{rel}","templated":true}]}}