{"id":5149,"date":"2024-07-09T09:55:51","date_gmt":"2024-07-09T15:55:51","guid":{"rendered":"https:\/\/libreriahistoriasdebolsillo.com\/?post_type=product&#038;p=5149"},"modified":"2025-11-26T18:25:05","modified_gmt":"2025-11-27T00:25:05","slug":"ha-empezado-ella","status":"publish","type":"product","link":"https:\/\/libreriahistoriasdebolsillo.com\/index.php\/producto\/ha-empezado-ella\/","title":{"rendered":"Ha empezado ella"},"content":{"rendered":"<p><b>UNA FIESTA DE ENSUE\u00d1O<\/b>\u00a0<b>SE TRANSFORMAR\u00c1<\/b>\u00a0<b>EN LA PEOR PESADILLA&#8230;<\/b><\/p>\n<p>Estoy aqu\u00ed por una raz\u00f3n. Y las otras no tienen ni la m\u00e1s\u00a0<b>remota<\/b>\u00a0idea. Es hora de\u00a0<b>ajustar<\/b>\u00a0cuentas con el pasado de una vez por todas. Una cosa es segura: no todas saldremos con\u00a0<b>vida<\/b>\u00a0de esta isla.<\/p>\n","protected":false},"excerpt":{"rendered":"<p>Sian Gilbert<\/p>\n<p>400 p\u00e1ginas<\/p>\n","protected":false},"featured_media":5150,"template":"","meta":{"_joinchat":[]},"product_brand":[],"product_cat":[37],"product_tag":[34],"class_list":{"0":"post-5149","1":"product","2":"type-product","3":"status-publish","4":"has-post-thumbnail","6":"product_cat-misterio-y-thriller","7":"product_tag-penguin-random-house","9":"first","10":"outofstock","11":"shipping-taxable","12":"purchasable","13":"product-type-simple"},"_links":{"self":[{"href":"https:\/\/libreriahistoriasdebolsillo.com\/index.php\/wp-json\/wp\/v2\/product\/5149","targetHints":{"allow":["GET"]}}],"collection":[{"href":"https:\/\/libreriahistoriasdebolsillo.com\/index.php\/wp-json\/wp\/v2\/product"}],"about":[{"href":"https:\/\/libreriahistoriasdebolsillo.com\/index.php\/wp-json\/wp\/v2\/types\/product"}],"wp:featuredmedia":[{"embeddable":true,"href":"https:\/\/libreriahistoriasdebolsillo.com\/index.php\/wp-json\/wp\/v2\/media\/5150"}],"wp:attachment":[{"href":"https:\/\/libreriahistoriasdebolsillo.com\/index.php\/wp-json\/wp\/v2\/media?parent=5149"}],"wp:term":[{"taxonomy":"product_brand","embeddable":true,"href":"https:\/\/libreriahistoriasdebolsillo.com\/index.php\/wp-json\/wp\/v2\/product_brand?post=5149"},{"taxonomy":"product_cat","embeddable":true,"href":"https:\/\/libreriahistoriasdebolsillo.com\/index.php\/wp-json\/wp\/v2\/product_cat?post=5149"},{"taxonomy":"product_tag","embeddable":true,"href":"https:\/\/libreriahistoriasdebolsillo.com\/index.php\/wp-json\/wp\/v2\/product_tag?post=5149"}],"curies":[{"name":"wp","href":"https:\/\/api.w.org\/{rel}","templated":true}]}}