{"id":5151,"date":"2024-07-09T09:58:46","date_gmt":"2024-07-09T15:58:46","guid":{"rendered":"https:\/\/libreriahistoriasdebolsillo.com\/?post_type=product&#038;p=5151"},"modified":"2024-11-06T10:41:39","modified_gmt":"2024-11-06T16:41:39","slug":"la-verdad-sobre-el-caso-harry-quebert","status":"publish","type":"product","link":"https:\/\/libreriahistoriasdebolsillo.com\/index.php\/producto\/la-verdad-sobre-el-caso-harry-quebert\/","title":{"rendered":"La verdad sobre el caso Harry Quebert"},"content":{"rendered":"<p><b>El mayor fen\u00f3meno editorial de los \u00faltimos a\u00f1os: un joven suizo de 27 a\u00f1os con un thriller monumental. La verdad s\u00f3lo llega al final de un largo, intrincado y apasionante recorrido.<\/b><\/p>\n<p><b>El mejor libro del a\u00f1o para los lectores de\u00a0<i>El Pa\u00eds<\/i>, #1 en ventas en Francia, y m\u00e1s de 2 000 000 de lectores alrededor del mundo. Los derechos para su traducci\u00f3n se han vendido a 33 idiomas<\/b><\/p>\n<p><b>Qui\u00e9n mat\u00f3 a Nola Kellergan es la gran inc\u00f3gnita a desvelar en esta incomparable historia policiaca cuya experiencia de lectura escapa a cualquier tentativa de descripci\u00f3n. Intent\u00e9moslo&#8230;<\/b><\/p>\n<p>Una novela de suspenso a tres tiempos -1975, 1998 y 2008- acerca del asesinato de una joven de quince a\u00f1os en la peque\u00f1a ciudad de Aurora, en New Hampshire. En 2008, Marcus Goldman, un joven escritor, visita a su mentor -Harry Quebert, autor de una aclamada novela- y descubre que \u00e9ste tuvo una relaci\u00f3n secreta con Nola Kellergan. Poco despu\u00e9s, Harry es arrestado y acusado de asesinato al encontrarse el cad\u00e1ver de Nola enterrado en su jard\u00edn. Marcus comienza a investigar y a escribir un libro sobre el caso. Mientras busca demostrar la inocencia de Harry, una trama de secretos sale a la luz.<\/p>\n<p>La verdad s\u00f3lo llega al final de un largo, intrincado y apasionante recorrido.<\/p>\n","protected":false},"excerpt":{"rendered":"<p>Joel Dicker<\/p>\n<p>672 p\u00e1ginas<\/p>\n","protected":false},"featured_media":5152,"template":"","meta":{"_joinchat":[]},"product_brand":[],"product_cat":[37],"product_tag":[34],"class_list":{"0":"post-5151","1":"product","2":"type-product","3":"status-publish","4":"has-post-thumbnail","6":"product_cat-misterio-y-thriller","7":"product_tag-penguin-random-house","9":"first","10":"outofstock","11":"shipping-taxable","12":"purchasable","13":"product-type-simple"},"_links":{"self":[{"href":"https:\/\/libreriahistoriasdebolsillo.com\/index.php\/wp-json\/wp\/v2\/product\/5151","targetHints":{"allow":["GET"]}}],"collection":[{"href":"https:\/\/libreriahistoriasdebolsillo.com\/index.php\/wp-json\/wp\/v2\/product"}],"about":[{"href":"https:\/\/libreriahistoriasdebolsillo.com\/index.php\/wp-json\/wp\/v2\/types\/product"}],"wp:featuredmedia":[{"embeddable":true,"href":"https:\/\/libreriahistoriasdebolsillo.com\/index.php\/wp-json\/wp\/v2\/media\/5152"}],"wp:attachment":[{"href":"https:\/\/libreriahistoriasdebolsillo.com\/index.php\/wp-json\/wp\/v2\/media?parent=5151"}],"wp:term":[{"taxonomy":"product_brand","embeddable":true,"href":"https:\/\/libreriahistoriasdebolsillo.com\/index.php\/wp-json\/wp\/v2\/product_brand?post=5151"},{"taxonomy":"product_cat","embeddable":true,"href":"https:\/\/libreriahistoriasdebolsillo.com\/index.php\/wp-json\/wp\/v2\/product_cat?post=5151"},{"taxonomy":"product_tag","embeddable":true,"href":"https:\/\/libreriahistoriasdebolsillo.com\/index.php\/wp-json\/wp\/v2\/product_tag?post=5151"}],"curies":[{"name":"wp","href":"https:\/\/api.w.org\/{rel}","templated":true}]}}