{"id":5153,"date":"2024-07-09T10:00:40","date_gmt":"2024-07-09T16:00:40","guid":{"rendered":"https:\/\/libreriahistoriasdebolsillo.com\/?post_type=product&#038;p=5153"},"modified":"2026-01-03T17:11:35","modified_gmt":"2026-01-03T23:11:35","slug":"la-ciencia-de-las-ventas","status":"publish","type":"product","link":"https:\/\/libreriahistoriasdebolsillo.com\/index.php\/producto\/la-ciencia-de-las-ventas\/","title":{"rendered":"La ciencia de las ventas"},"content":{"rendered":"<p><b>CLAVES PARA CONVERTIRTE EN UN VENDEDOR EXITOSO&#8230;<\/b><\/p>\n<p>Con\u00a0<b>La ciencia de las ventas,<\/b>\u00a0un\u00a0<b>curso<\/b>\u00a0dedicado a los alumnos de la\u00a0<i><b>Universidad de Extensi\u00f3n LaSalle<\/b><\/i>, en Chicago, en 1913,\u00a0<b>Napoleon Hill<\/b>\u00a0demostr\u00f3 al mundo que no s\u00f3lo era un talentoso escritor y orador, sino un hombre dedicado en cuerpo y alma a un solo prop\u00f3sito: ense\u00f1arles a las personas\u00a0<b>c\u00f3mo vender<\/b>, ya fuera productos, servicios, ideas o, sobre todas las cosas, a s\u00ed mismas.<\/p>\n<p>Aqu\u00ed encontrar\u00e1s las herramientas que necesitas para convertirte en un\u00a0<b>vendedor exitoso<\/b>, sin importar la naturaleza de tu negocio. Su m\u00e9todo y principios est\u00e1n basados en la experiencia de algunos de los l\u00edderes m\u00e1s influyentes de comienzos del siglo pasado, cuya gu\u00edate ayudar\u00e1 a negociar sin fricciones, promover tus ideas de forma eficaz, crear estrategias para emprender y\u00a0<b>cerrar ventas<\/b>\u00a0de manera profesional, as\u00ed como identificar y desarrollar las cualidades que todo vendedor debe tener, entre otras valiosas ense\u00f1anzas<b>.<\/b><\/p>\n","protected":false},"excerpt":{"rendered":"<p>Napoleon Hill<\/p>\n<p>110 p\u00e1ginas<\/p>\n","protected":false},"featured_media":5154,"template":"","meta":{"_joinchat":[]},"product_brand":[],"product_cat":[41,51],"product_tag":[34],"class_list":{"0":"post-5153","1":"product","2":"type-product","3":"status-publish","4":"has-post-thumbnail","6":"product_cat-desarrollo-humano","7":"product_cat-oferta","8":"product_tag-penguin-random-house","10":"first","11":"outofstock","12":"sale","13":"shipping-taxable","14":"purchasable","15":"product-type-simple"},"_links":{"self":[{"href":"https:\/\/libreriahistoriasdebolsillo.com\/index.php\/wp-json\/wp\/v2\/product\/5153","targetHints":{"allow":["GET"]}}],"collection":[{"href":"https:\/\/libreriahistoriasdebolsillo.com\/index.php\/wp-json\/wp\/v2\/product"}],"about":[{"href":"https:\/\/libreriahistoriasdebolsillo.com\/index.php\/wp-json\/wp\/v2\/types\/product"}],"wp:featuredmedia":[{"embeddable":true,"href":"https:\/\/libreriahistoriasdebolsillo.com\/index.php\/wp-json\/wp\/v2\/media\/5154"}],"wp:attachment":[{"href":"https:\/\/libreriahistoriasdebolsillo.com\/index.php\/wp-json\/wp\/v2\/media?parent=5153"}],"wp:term":[{"taxonomy":"product_brand","embeddable":true,"href":"https:\/\/libreriahistoriasdebolsillo.com\/index.php\/wp-json\/wp\/v2\/product_brand?post=5153"},{"taxonomy":"product_cat","embeddable":true,"href":"https:\/\/libreriahistoriasdebolsillo.com\/index.php\/wp-json\/wp\/v2\/product_cat?post=5153"},{"taxonomy":"product_tag","embeddable":true,"href":"https:\/\/libreriahistoriasdebolsillo.com\/index.php\/wp-json\/wp\/v2\/product_tag?post=5153"}],"curies":[{"name":"wp","href":"https:\/\/api.w.org\/{rel}","templated":true}]}}