{"id":5157,"date":"2024-07-09T10:06:28","date_gmt":"2024-07-09T16:06:28","guid":{"rendered":"https:\/\/libreriahistoriasdebolsillo.com\/?post_type=product&#038;p=5157"},"modified":"2026-03-10T15:39:07","modified_gmt":"2026-03-10T21:39:07","slug":"slow-dance","status":"publish","type":"product","link":"https:\/\/libreriahistoriasdebolsillo.com\/index.php\/producto\/slow-dance\/","title":{"rendered":"Slow dance"},"content":{"rendered":"<p><b>Una historia de amor divertida y conmovedora<\/b>\u00a0<b>sobre segundas oportunidades,<\/b>\u00a0<b>reencuentros y desencuentros\u2026y sobre enmendar los errores del pasado.<\/b><\/p>\n<p>Cuando crec\u00eda en el lado equivocado de Omaha, Shiloh s\u00f3lo pensaba en\u00a0<b>escapar<\/b>, en dejar todo atr\u00e1s e iniciar una\u00a0<b>etapa<\/b>\u00a0m\u00e1s interesante en su vida. En aquel entonces al menos ten\u00eda a\u00a0<b>Cary<\/b>: Cary la soportaba, Cary la hac\u00eda re\u00edr, aunque a los diecis\u00e9is, conduciendo la vieja camioneta de su mam\u00e1, Cary ten\u00eda las cosas peor que ella. S\u00f3lo su amistad logr\u00f3 que sobreviviera a la preparatoria\u2026 pero cuando ella se fue a la universidad, \u00e9l se incorpor\u00f3 a la\u00a0<b>Marina<\/b>.<\/p>\n<p>Han pasado\u00a0<b>catorce a\u00f1os<\/b>\u00a0desde entonces. Ahora Shiloh tiene treinta y tres a\u00f1os\u2026 y no, nunca logr\u00f3 escapar; incluso ahora vive en la misma casa en la que pas\u00f3 su ni\u00f1ez. Trabaja en el\u00a0<b>teatro<\/b>, s\u00ed, pero no en el escenario, como so\u00f1aba. Y est\u00e1 divorciada: una\u00a0<b>mam\u00e1 soltera<\/b>, igual que su madre (pero sin la serie infinita de novios).<\/p>\n<p>Cuando un amigo de la preparatoria la invita a su boda, lo \u00faltimo que Shiloh quiere es ver a sus amigos del\u00a0<b>pasado<\/b>, pero compra un vestido, se pone maquillaje y se abotona una flor de terciopelo en el coraz\u00f3n, deseando (incluso a pesar de los nervios) encontrarse con Cary\u2026 a quien nunca se dio cuenta de que\u00a0<b>amaba<\/b>, hasta que lo dej\u00f3 ir.<\/p>\n<p>Por la autora bestseller del New York Times de Eleanor &amp; Park y Attachments, llega Slow Dance. Bailar lento : una balada poderosa y brillante sobre un amor tan real que se reh\u00fasa a ser olvidado<\/p>\n","protected":false},"excerpt":{"rendered":"<p>Rainbow Rowell<\/p>\n<p>256 p\u00e1ginas<\/p>\n","protected":false},"featured_media":5158,"template":"","meta":{"_joinchat":[]},"product_brand":[],"product_cat":[52,51,35],"product_tag":[34],"class_list":{"0":"post-5157","1":"product","2":"type-product","3":"status-publish","4":"has-post-thumbnail","6":"product_cat-juvenil","7":"product_cat-oferta","8":"product_cat-romantica","9":"product_tag-penguin-random-house","11":"first","12":"outofstock","13":"sale","14":"shipping-taxable","15":"purchasable","16":"product-type-simple"},"_links":{"self":[{"href":"https:\/\/libreriahistoriasdebolsillo.com\/index.php\/wp-json\/wp\/v2\/product\/5157","targetHints":{"allow":["GET"]}}],"collection":[{"href":"https:\/\/libreriahistoriasdebolsillo.com\/index.php\/wp-json\/wp\/v2\/product"}],"about":[{"href":"https:\/\/libreriahistoriasdebolsillo.com\/index.php\/wp-json\/wp\/v2\/types\/product"}],"wp:featuredmedia":[{"embeddable":true,"href":"https:\/\/libreriahistoriasdebolsillo.com\/index.php\/wp-json\/wp\/v2\/media\/5158"}],"wp:attachment":[{"href":"https:\/\/libreriahistoriasdebolsillo.com\/index.php\/wp-json\/wp\/v2\/media?parent=5157"}],"wp:term":[{"taxonomy":"product_brand","embeddable":true,"href":"https:\/\/libreriahistoriasdebolsillo.com\/index.php\/wp-json\/wp\/v2\/product_brand?post=5157"},{"taxonomy":"product_cat","embeddable":true,"href":"https:\/\/libreriahistoriasdebolsillo.com\/index.php\/wp-json\/wp\/v2\/product_cat?post=5157"},{"taxonomy":"product_tag","embeddable":true,"href":"https:\/\/libreriahistoriasdebolsillo.com\/index.php\/wp-json\/wp\/v2\/product_tag?post=5157"}],"curies":[{"name":"wp","href":"https:\/\/api.w.org\/{rel}","templated":true}]}}