{"id":5159,"date":"2024-07-09T10:11:29","date_gmt":"2024-07-09T16:11:29","guid":{"rendered":"https:\/\/libreriahistoriasdebolsillo.com\/?post_type=product&#038;p=5159"},"modified":"2026-01-30T15:32:46","modified_gmt":"2026-01-30T21:32:46","slug":"ensayo-sobre-la-ceguera-2","status":"publish","type":"product","link":"https:\/\/libreriahistoriasdebolsillo.com\/index.php\/producto\/ensayo-sobre-la-ceguera-2\/","title":{"rendered":"Ensayo sobre la ceguera"},"content":{"rendered":"<p><b>\u00abDentro de nosotros hay algo que no<\/b>\u00a0<b>tiene nombre, esa cosa es lo que somos.\u00bb<\/b><\/p>\n<p>Un hombre parado ante un sem\u00e1foro en rojo se queda ciego s\u00fabitamente. Es el primer caso de una \u00ab<b>ceguera blanca<\/b>\u00bb que se expande de manera fulminante. Internados en cuarentena o perdidos en la ciudad, los ciegos tendr\u00e1n que enfrentarse con lo m\u00e1s primitivo en la naturaleza humana: la voluntad de\u00a0<b>sobrevivir<\/b>\u00a0a cualquier precio.<\/p>\n<p>Ensayo sobre la ceguera es la\u00a0<b>ficci\u00f3n<\/b>\u00a0de un autor que nos alerta sobre \u00abla\u00a0<b>responsabilidad<\/b>\u00a0de tener ojos cuando otros los perdieron\u00bb. Jos\u00e9 Saramago trazaen este libro una imagen aterradora y conmovedora de los tiempos que estamos viviendo. En un mundo as\u00ed, \u00bfcabr\u00e1 alguna esperanza?<\/p>\n<p>El lector conocer\u00e1 una experiencia imaginativa \u00fanica. En un punto donde se cruzan literatura y\u00a0<b>sabidur\u00eda<\/b>, Jos\u00e9 Saramago nos obliga a parar, cerrar los ojos y ver. Recuperar la\u00a0<b>lucidez<\/b>\u00a0y rescatar el afecto son dos propuestas fundamentales de una novela que es, tambi\u00e9n, una reflexi\u00f3n sobre la \u00e9tica del amor y la solidaridad.<\/p>\n","protected":false},"excerpt":{"rendered":"<p>Jos\u00e9 Saramago<\/p>\n<p>400 p\u00e1ginas<\/p>\n","protected":false},"featured_media":5160,"template":"","meta":{"_joinchat":[]},"product_brand":[],"product_cat":[72],"product_tag":[34],"class_list":{"0":"post-5159","1":"product","2":"type-product","3":"status-publish","4":"has-post-thumbnail","6":"product_cat-distopico","7":"product_tag-penguin-random-house","9":"first","10":"instock","11":"shipping-taxable","12":"purchasable","13":"product-type-simple"},"_links":{"self":[{"href":"https:\/\/libreriahistoriasdebolsillo.com\/index.php\/wp-json\/wp\/v2\/product\/5159","targetHints":{"allow":["GET"]}}],"collection":[{"href":"https:\/\/libreriahistoriasdebolsillo.com\/index.php\/wp-json\/wp\/v2\/product"}],"about":[{"href":"https:\/\/libreriahistoriasdebolsillo.com\/index.php\/wp-json\/wp\/v2\/types\/product"}],"wp:featuredmedia":[{"embeddable":true,"href":"https:\/\/libreriahistoriasdebolsillo.com\/index.php\/wp-json\/wp\/v2\/media\/5160"}],"wp:attachment":[{"href":"https:\/\/libreriahistoriasdebolsillo.com\/index.php\/wp-json\/wp\/v2\/media?parent=5159"}],"wp:term":[{"taxonomy":"product_brand","embeddable":true,"href":"https:\/\/libreriahistoriasdebolsillo.com\/index.php\/wp-json\/wp\/v2\/product_brand?post=5159"},{"taxonomy":"product_cat","embeddable":true,"href":"https:\/\/libreriahistoriasdebolsillo.com\/index.php\/wp-json\/wp\/v2\/product_cat?post=5159"},{"taxonomy":"product_tag","embeddable":true,"href":"https:\/\/libreriahistoriasdebolsillo.com\/index.php\/wp-json\/wp\/v2\/product_tag?post=5159"}],"curies":[{"name":"wp","href":"https:\/\/api.w.org\/{rel}","templated":true}]}}