{"id":5161,"date":"2024-07-09T10:14:30","date_gmt":"2024-07-09T16:14:30","guid":{"rendered":"https:\/\/libreriahistoriasdebolsillo.com\/?post_type=product&#038;p=5161"},"modified":"2025-11-26T18:25:20","modified_gmt":"2025-11-27T00:25:20","slug":"asi-no-es","status":"publish","type":"product","link":"https:\/\/libreriahistoriasdebolsillo.com\/index.php\/producto\/asi-no-es\/","title":{"rendered":"As\u00ed no es"},"content":{"rendered":"<p><b>\u00bfEl pobre es pobre porque quiere? \u00bfLos j\u00f3venes son m\u00e1s flojos que antes y por eso ganan menos? \u00bfQuienes reciben programas sociales los gastan en tonter\u00edas? \u00bfLos estados del norte trabajan m\u00e1s que los del sur? \u00bfTu jefe ya no te puede subir el sueldo?<\/b><\/p>\n<p><b>NO, AS\u00cd NO ES<\/b><\/p>\n<p>As\u00ed no es desmitifica\u00a0<b>conceptos<\/b>\u00a0equivocados y devela\u00a0<b>verdades inc\u00f3modas<\/b>\u00a0que demasiados mexicanoscreen, pero que son<b>\u00a0falsas<\/b>. Ideas que asumimos sobre meritocracia, clase media,\u00a0<b>clasismo<\/b>, salarios e\u00a0<b>impuestos<\/b>, pero que son escandalosamente erradas. Burdas mentiras que sirven para justificar las m\u00e1s grandes\u00a0<b>injusticias<\/b>\u00a0de M\u00e9xico.<\/p>\n<p>Con datos, evidencia cient\u00edfica e informaci\u00f3n, Viri R\u00edos y Ray Campos \u2014dos destacados acad\u00e9micos\u2014 te llevar\u00e1n a desafiar tus propias\u00a0<b>creencias<\/b>, desmontando cada prejuicio de la mano de relatos cautivadores.<\/p>\n","protected":false},"excerpt":{"rendered":"<p>Viri R\u00edos y Ray Campos<\/p>\n<p>296 p\u00e1ginas<\/p>\n","protected":false},"featured_media":5162,"template":"","meta":{"_joinchat":[]},"product_brand":[],"product_cat":[41],"product_tag":[34],"class_list":{"0":"post-5161","1":"product","2":"type-product","3":"status-publish","4":"has-post-thumbnail","6":"product_cat-desarrollo-humano","7":"product_tag-penguin-random-house","9":"first","10":"outofstock","11":"shipping-taxable","12":"purchasable","13":"product-type-simple"},"_links":{"self":[{"href":"https:\/\/libreriahistoriasdebolsillo.com\/index.php\/wp-json\/wp\/v2\/product\/5161","targetHints":{"allow":["GET"]}}],"collection":[{"href":"https:\/\/libreriahistoriasdebolsillo.com\/index.php\/wp-json\/wp\/v2\/product"}],"about":[{"href":"https:\/\/libreriahistoriasdebolsillo.com\/index.php\/wp-json\/wp\/v2\/types\/product"}],"wp:featuredmedia":[{"embeddable":true,"href":"https:\/\/libreriahistoriasdebolsillo.com\/index.php\/wp-json\/wp\/v2\/media\/5162"}],"wp:attachment":[{"href":"https:\/\/libreriahistoriasdebolsillo.com\/index.php\/wp-json\/wp\/v2\/media?parent=5161"}],"wp:term":[{"taxonomy":"product_brand","embeddable":true,"href":"https:\/\/libreriahistoriasdebolsillo.com\/index.php\/wp-json\/wp\/v2\/product_brand?post=5161"},{"taxonomy":"product_cat","embeddable":true,"href":"https:\/\/libreriahistoriasdebolsillo.com\/index.php\/wp-json\/wp\/v2\/product_cat?post=5161"},{"taxonomy":"product_tag","embeddable":true,"href":"https:\/\/libreriahistoriasdebolsillo.com\/index.php\/wp-json\/wp\/v2\/product_tag?post=5161"}],"curies":[{"name":"wp","href":"https:\/\/api.w.org\/{rel}","templated":true}]}}