{"id":5163,"date":"2024-07-09T10:20:58","date_gmt":"2024-07-09T16:20:58","guid":{"rendered":"https:\/\/libreriahistoriasdebolsillo.com\/?post_type=product&#038;p=5163"},"modified":"2025-11-26T18:25:25","modified_gmt":"2025-11-27T00:25:25","slug":"la-riqueza-que-el-dinero-no-puede-comprar","status":"publish","type":"product","link":"https:\/\/libreriahistoriasdebolsillo.com\/index.php\/producto\/la-riqueza-que-el-dinero-no-puede-comprar\/","title":{"rendered":"La riqueza que el dinero no puede comprar"},"content":{"rendered":"<p><b>UN M\u00c9TODO REVOLUCIONARIO PARA ALCANZAR LA AUT\u00c9NTICA RIQUEZA&#8230;<\/b><\/p>\n<p>Este libro te ofrece una nueva filosof\u00eda y una f\u00f3rmula de cambio profundo para disfrutar de una vida realmente plena, con una gran fortaleza personal, autenticidad, un trabajo de lo m\u00e1s gratificante y un estilo de vida armonioso. Por fin sentir\u00e1s que la verdadera fortuna te sonr\u00ede.<\/p>\n<p>Basado en el modelo de aprendizaje \u00ablas 8 formas de riqueza\u00bb, que el renombrado experto en desarrollo personal Robin Sharma -conocido mentor de millonarios, estrellas del deporte y jefes de Estado- ha impartido entre sus clientes con resultados excepcionales,\u00a0<i>La riqueza que el dinero no puede comprar<\/i>\u00a0se convertir\u00e1 en tu gu\u00eda para alcanzar la vida que siempre hab\u00edas so\u00f1ado.<\/p>\n<p>Descubre los h\u00e1bitos ocultos para alcanzar la plenitud y evitar las consecuencias de no desarrollar todo tu potencial.<\/p>\n","protected":false},"excerpt":{"rendered":"<p>Robin Sharma<\/p>\n<p>400 p\u00e1ginas<\/p>\n","protected":false},"featured_media":5164,"template":"","meta":{"_joinchat":[]},"product_brand":[],"product_cat":[58,41],"product_tag":[34],"class_list":{"0":"post-5163","1":"product","2":"type-product","3":"status-publish","4":"has-post-thumbnail","6":"product_cat-desarrollo-humano-y-superacion","7":"product_cat-desarrollo-humano","8":"product_tag-penguin-random-house","10":"first","11":"outofstock","12":"shipping-taxable","13":"purchasable","14":"product-type-simple"},"_links":{"self":[{"href":"https:\/\/libreriahistoriasdebolsillo.com\/index.php\/wp-json\/wp\/v2\/product\/5163","targetHints":{"allow":["GET"]}}],"collection":[{"href":"https:\/\/libreriahistoriasdebolsillo.com\/index.php\/wp-json\/wp\/v2\/product"}],"about":[{"href":"https:\/\/libreriahistoriasdebolsillo.com\/index.php\/wp-json\/wp\/v2\/types\/product"}],"wp:featuredmedia":[{"embeddable":true,"href":"https:\/\/libreriahistoriasdebolsillo.com\/index.php\/wp-json\/wp\/v2\/media\/5164"}],"wp:attachment":[{"href":"https:\/\/libreriahistoriasdebolsillo.com\/index.php\/wp-json\/wp\/v2\/media?parent=5163"}],"wp:term":[{"taxonomy":"product_brand","embeddable":true,"href":"https:\/\/libreriahistoriasdebolsillo.com\/index.php\/wp-json\/wp\/v2\/product_brand?post=5163"},{"taxonomy":"product_cat","embeddable":true,"href":"https:\/\/libreriahistoriasdebolsillo.com\/index.php\/wp-json\/wp\/v2\/product_cat?post=5163"},{"taxonomy":"product_tag","embeddable":true,"href":"https:\/\/libreriahistoriasdebolsillo.com\/index.php\/wp-json\/wp\/v2\/product_tag?post=5163"}],"curies":[{"name":"wp","href":"https:\/\/api.w.org\/{rel}","templated":true}]}}