{"id":5170,"date":"2024-07-09T10:30:04","date_gmt":"2024-07-09T16:30:04","guid":{"rendered":"https:\/\/libreriahistoriasdebolsillo.com\/?post_type=product&#038;p=5170"},"modified":"2024-11-11T10:40:04","modified_gmt":"2024-11-11T16:40:04","slug":"paquete-michaelides","status":"publish","type":"product","link":"https:\/\/libreriahistoriasdebolsillo.com\/index.php\/producto\/paquete-michaelides\/","title":{"rendered":"Paquete Michaelides"},"content":{"rendered":"<p>Incluye: La paciente silenciosa y las doncellas.<\/p>\n<p>Dos thrillers que te dejar\u00e1n sin aliento, la tensi\u00f3n y el misterio se viven en cada p\u00e1gina de La paciente silenciosa y Las doncellas. Alicia Berenson, una pintora de \u00e9xito, dispara cinco tiros en la cabeza de su marido, y no vuelve a hablar nunca m\u00e1s. Su negativa a emitir palabra alguna convierte una tragedia dom\u00e9stica en un misterio que atrapa la imaginaci\u00f3n de toda Inglaterra. Ella trabaja en Londres como terapeuta, pero cuando su sobrina Zoe, la \u00fanica familia que le queda, la llama desde Cambridge para contarle que Tara, su mejor amiga, ha sido brutalmente asesinada cerca de la residencia de estudiantes, decide acudir en su ayuda.<\/p>\n","protected":false},"excerpt":{"rendered":"<p>Alex Michaelides<\/p>\n","protected":false},"featured_media":5171,"template":"","meta":{"_joinchat":[]},"product_brand":[],"product_cat":[37],"product_tag":[34],"class_list":{"0":"post-5170","1":"product","2":"type-product","3":"status-publish","4":"has-post-thumbnail","6":"product_cat-misterio-y-thriller","7":"product_tag-penguin-random-house","9":"first","10":"outofstock","11":"shipping-taxable","12":"purchasable","13":"product-type-simple"},"_links":{"self":[{"href":"https:\/\/libreriahistoriasdebolsillo.com\/index.php\/wp-json\/wp\/v2\/product\/5170","targetHints":{"allow":["GET"]}}],"collection":[{"href":"https:\/\/libreriahistoriasdebolsillo.com\/index.php\/wp-json\/wp\/v2\/product"}],"about":[{"href":"https:\/\/libreriahistoriasdebolsillo.com\/index.php\/wp-json\/wp\/v2\/types\/product"}],"wp:featuredmedia":[{"embeddable":true,"href":"https:\/\/libreriahistoriasdebolsillo.com\/index.php\/wp-json\/wp\/v2\/media\/5171"}],"wp:attachment":[{"href":"https:\/\/libreriahistoriasdebolsillo.com\/index.php\/wp-json\/wp\/v2\/media?parent=5170"}],"wp:term":[{"taxonomy":"product_brand","embeddable":true,"href":"https:\/\/libreriahistoriasdebolsillo.com\/index.php\/wp-json\/wp\/v2\/product_brand?post=5170"},{"taxonomy":"product_cat","embeddable":true,"href":"https:\/\/libreriahistoriasdebolsillo.com\/index.php\/wp-json\/wp\/v2\/product_cat?post=5170"},{"taxonomy":"product_tag","embeddable":true,"href":"https:\/\/libreriahistoriasdebolsillo.com\/index.php\/wp-json\/wp\/v2\/product_tag?post=5170"}],"curies":[{"name":"wp","href":"https:\/\/api.w.org\/{rel}","templated":true}]}}