{"id":5186,"date":"2024-07-12T14:33:44","date_gmt":"2024-07-12T20:33:44","guid":{"rendered":"https:\/\/libreriahistoriasdebolsillo.com\/?post_type=product&#038;p=5186"},"modified":"2025-02-17T11:02:21","modified_gmt":"2025-02-17T17:02:21","slug":"la-salud-del-corazon","status":"publish","type":"product","link":"https:\/\/libreriahistoriasdebolsillo.com\/index.php\/producto\/la-salud-del-corazon\/","title":{"rendered":"La salud del coraz\u00f3n"},"content":{"rendered":"<p>Las enfermedades cardiovasculares son la principal causa de muerte en occidente. \u00bfSab\u00edas que la mayor\u00eda de los riesgos dependen de ti? Aprende a prevenirlos y a distinguir lo que son desajustes naturales sin importancia del pulso card\u00edaco de las verdaderas se\u00f1ales de alarma. El doctor Brugada, considerado uno de los mejores cardi\u00f3logos del mundo y tambi\u00e9n un gran divulgador, hace accesible para todos el complejo campo de la salud del coraz\u00f3n.<\/p>\n","protected":false},"excerpt":{"rendered":"<p>Dr. Josep Brugada<\/p>\n<p>192 p\u00e1ginas<\/p>\n","protected":false},"featured_media":5187,"template":"","meta":{"_joinchat":[]},"product_brand":[],"product_cat":[41],"product_tag":[48],"class_list":{"0":"post-5186","1":"product","2":"type-product","3":"status-publish","4":"has-post-thumbnail","6":"product_cat-desarrollo-humano","7":"product_tag-vr-editoras","9":"first","10":"outofstock","11":"shipping-taxable","12":"purchasable","13":"product-type-simple"},"_links":{"self":[{"href":"https:\/\/libreriahistoriasdebolsillo.com\/index.php\/wp-json\/wp\/v2\/product\/5186","targetHints":{"allow":["GET"]}}],"collection":[{"href":"https:\/\/libreriahistoriasdebolsillo.com\/index.php\/wp-json\/wp\/v2\/product"}],"about":[{"href":"https:\/\/libreriahistoriasdebolsillo.com\/index.php\/wp-json\/wp\/v2\/types\/product"}],"wp:featuredmedia":[{"embeddable":true,"href":"https:\/\/libreriahistoriasdebolsillo.com\/index.php\/wp-json\/wp\/v2\/media\/5187"}],"wp:attachment":[{"href":"https:\/\/libreriahistoriasdebolsillo.com\/index.php\/wp-json\/wp\/v2\/media?parent=5186"}],"wp:term":[{"taxonomy":"product_brand","embeddable":true,"href":"https:\/\/libreriahistoriasdebolsillo.com\/index.php\/wp-json\/wp\/v2\/product_brand?post=5186"},{"taxonomy":"product_cat","embeddable":true,"href":"https:\/\/libreriahistoriasdebolsillo.com\/index.php\/wp-json\/wp\/v2\/product_cat?post=5186"},{"taxonomy":"product_tag","embeddable":true,"href":"https:\/\/libreriahistoriasdebolsillo.com\/index.php\/wp-json\/wp\/v2\/product_tag?post=5186"}],"curies":[{"name":"wp","href":"https:\/\/api.w.org\/{rel}","templated":true}]}}