{"id":5188,"date":"2024-07-12T14:36:24","date_gmt":"2024-07-12T20:36:24","guid":{"rendered":"https:\/\/libreriahistoriasdebolsillo.com\/?post_type=product&#038;p=5188"},"modified":"2025-02-17T10:59:41","modified_gmt":"2025-02-17T16:59:41","slug":"todas-las-respuestas-sobre-el-asma","status":"publish","type":"product","link":"https:\/\/libreriahistoriasdebolsillo.com\/index.php\/producto\/todas-las-respuestas-sobre-el-asma\/","title":{"rendered":"Todas las respuestas sobre el asma"},"content":{"rendered":"<p>\u00bfC\u00f3mo se usa correctamente un inhalador? \u00bfPor qu\u00e9 se recomienda a los asm\u00e1ticos no tomar aspirinas? \u00bfPuede una persona asm\u00e1tica practicar todo tipo de deportes con normalidad? \u00bfEs m\u00e1s com\u00fan el asma en hombre o en mujeres, en ni\u00f1os o ancianos? El doctor Vicente Plaza, uno de los mayores expertos en asma de nuetro pa\u00eds, responde a todas las preguntas que a menudo se plantean los pacientes aquejados de esta enfermedad.<\/p>\n","protected":false},"excerpt":{"rendered":"<p>Dr. Vicente Plaza Moral<\/p>\n<p>207 p\u00e1ginas<\/p>\n","protected":false},"featured_media":5189,"template":"","meta":{"_joinchat":[]},"product_brand":[],"product_cat":[41],"product_tag":[48],"class_list":{"0":"post-5188","1":"product","2":"type-product","3":"status-publish","4":"has-post-thumbnail","6":"product_cat-desarrollo-humano","7":"product_tag-vr-editoras","9":"first","10":"outofstock","11":"shipping-taxable","12":"purchasable","13":"product-type-simple"},"_links":{"self":[{"href":"https:\/\/libreriahistoriasdebolsillo.com\/index.php\/wp-json\/wp\/v2\/product\/5188","targetHints":{"allow":["GET"]}}],"collection":[{"href":"https:\/\/libreriahistoriasdebolsillo.com\/index.php\/wp-json\/wp\/v2\/product"}],"about":[{"href":"https:\/\/libreriahistoriasdebolsillo.com\/index.php\/wp-json\/wp\/v2\/types\/product"}],"wp:featuredmedia":[{"embeddable":true,"href":"https:\/\/libreriahistoriasdebolsillo.com\/index.php\/wp-json\/wp\/v2\/media\/5189"}],"wp:attachment":[{"href":"https:\/\/libreriahistoriasdebolsillo.com\/index.php\/wp-json\/wp\/v2\/media?parent=5188"}],"wp:term":[{"taxonomy":"product_brand","embeddable":true,"href":"https:\/\/libreriahistoriasdebolsillo.com\/index.php\/wp-json\/wp\/v2\/product_brand?post=5188"},{"taxonomy":"product_cat","embeddable":true,"href":"https:\/\/libreriahistoriasdebolsillo.com\/index.php\/wp-json\/wp\/v2\/product_cat?post=5188"},{"taxonomy":"product_tag","embeddable":true,"href":"https:\/\/libreriahistoriasdebolsillo.com\/index.php\/wp-json\/wp\/v2\/product_tag?post=5188"}],"curies":[{"name":"wp","href":"https:\/\/api.w.org\/{rel}","templated":true}]}}