{"id":5190,"date":"2024-07-12T14:38:18","date_gmt":"2024-07-12T20:38:18","guid":{"rendered":"https:\/\/libreriahistoriasdebolsillo.com\/?post_type=product&#038;p=5190"},"modified":"2025-06-28T11:40:01","modified_gmt":"2025-06-28T17:40:01","slug":"la-guia-de-la-dama-para-las-enaguas-y-la-pirateria","status":"publish","type":"product","link":"https:\/\/libreriahistoriasdebolsillo.com\/index.php\/producto\/la-guia-de-la-dama-para-las-enaguas-y-la-pirateria\/","title":{"rendered":"La gu\u00eda de la dama para las enaguas y la pirater\u00eda"},"content":{"rendered":"<p>Un a\u00f1o despu\u00e9s del accidentado Gran Tour de su hermano. Felicity tiene solo un objetivo en mente: entrar a la escuela de medicina. Sin embargo su intelecto y su pasi\u00f3n nunca ser\u00e1n suficientes en un mundo de hombres. Hasta que surge una peque\u00f1a oportunidad en Alemania y, aunque no tiene un centavo para costear la aventura, est\u00e1 segura de que all\u00ed encontrar\u00e1 su destino. la suerte le sonri\u00f3 cuando una misteriosa joven se ofrece a pagar el viaje siempre y cuando le permita acompa\u00f1arla. Pero una vez que sus verdaderas intensiones se revelen. Felicity se ver\u00e1 envuelta en una peligrosa b\u00fasqueda que la sumergir\u00e1 de lleno en uno de los m\u00e1s grandes secretos de ocultan las profundidades del oc\u00e9ano.<\/p>\n","protected":false},"excerpt":{"rendered":"<p>Mackenzi Lee<\/p>\n<p>454 p\u00e1ginas<\/p>\n","protected":false},"featured_media":5191,"template":"","meta":{"_joinchat":[]},"product_brand":[],"product_cat":[52],"product_tag":[48],"class_list":{"0":"post-5190","1":"product","2":"type-product","3":"status-publish","4":"has-post-thumbnail","6":"product_cat-juvenil","7":"product_tag-vr-editoras","9":"first","10":"outofstock","11":"shipping-taxable","12":"purchasable","13":"product-type-simple"},"_links":{"self":[{"href":"https:\/\/libreriahistoriasdebolsillo.com\/index.php\/wp-json\/wp\/v2\/product\/5190","targetHints":{"allow":["GET"]}}],"collection":[{"href":"https:\/\/libreriahistoriasdebolsillo.com\/index.php\/wp-json\/wp\/v2\/product"}],"about":[{"href":"https:\/\/libreriahistoriasdebolsillo.com\/index.php\/wp-json\/wp\/v2\/types\/product"}],"wp:featuredmedia":[{"embeddable":true,"href":"https:\/\/libreriahistoriasdebolsillo.com\/index.php\/wp-json\/wp\/v2\/media\/5191"}],"wp:attachment":[{"href":"https:\/\/libreriahistoriasdebolsillo.com\/index.php\/wp-json\/wp\/v2\/media?parent=5190"}],"wp:term":[{"taxonomy":"product_brand","embeddable":true,"href":"https:\/\/libreriahistoriasdebolsillo.com\/index.php\/wp-json\/wp\/v2\/product_brand?post=5190"},{"taxonomy":"product_cat","embeddable":true,"href":"https:\/\/libreriahistoriasdebolsillo.com\/index.php\/wp-json\/wp\/v2\/product_cat?post=5190"},{"taxonomy":"product_tag","embeddable":true,"href":"https:\/\/libreriahistoriasdebolsillo.com\/index.php\/wp-json\/wp\/v2\/product_tag?post=5190"}],"curies":[{"name":"wp","href":"https:\/\/api.w.org\/{rel}","templated":true}]}}