{"id":5192,"date":"2024-07-12T14:40:42","date_gmt":"2024-07-12T20:40:42","guid":{"rendered":"https:\/\/libreriahistoriasdebolsillo.com\/?post_type=product&#038;p=5192"},"modified":"2025-06-28T15:41:12","modified_gmt":"2025-06-28T21:41:12","slug":"tarot-para-colorear-crea-tu-propia-baraja-y-activala-con-tu-energia","status":"publish","type":"product","link":"https:\/\/libreriahistoriasdebolsillo.com\/index.php\/producto\/tarot-para-colorear-crea-tu-propia-baraja-y-activala-con-tu-energia\/","title":{"rendered":"Tarot para colorear, crea tu propia baraja y act\u00edvala con tu energ\u00eda"},"content":{"rendered":"<p>\u00a1Personaliza tu baraja y vu\u00e9lvela \u00fanica, como t\u00fa! No hay una baraja igual a otra. Cuando escoges un mazo que resuena contigo, estableces una conexi\u00f3n \u00edntima que potencia tu intuici\u00f3n para realizar una lectura m\u00e1s profunda y personal de las cartas. En estas p\u00e1ginas descubrir\u00e1s 78 cartas inspiradas en el Tarot de Marsella, una de las barajas m\u00e1s antiguas utilizadas en todo el mundo. Adem\u00e1s, encontrar\u00e1s breves y sencillas explicaciones que te ayudar\u00e1n a descifrar su profundo simbolismo. \u00a1Deja fluir tu lado m\u00e1s creativo! Despr\u00e9ndelas f\u00e1cilmente y color\u00e9alas. As\u00ed activar\u00e1s cada una de ellas con tu propia energ\u00eda y entrar\u00e1s en sinton\u00eda con la magia del tarot.<\/p>\n","protected":false},"excerpt":{"rendered":"<p>C\u00e9line Camoun y Elodie Ascenci<\/p>\n","protected":false},"featured_media":5193,"template":"","meta":{"_joinchat":[]},"product_brand":[],"product_cat":[59],"product_tag":[48],"class_list":{"0":"post-5192","1":"product","2":"type-product","3":"status-publish","4":"has-post-thumbnail","6":"product_cat-esoterismo","7":"product_tag-vr-editoras","9":"first","10":"outofstock","11":"shipping-taxable","12":"purchasable","13":"product-type-simple"},"_links":{"self":[{"href":"https:\/\/libreriahistoriasdebolsillo.com\/index.php\/wp-json\/wp\/v2\/product\/5192","targetHints":{"allow":["GET"]}}],"collection":[{"href":"https:\/\/libreriahistoriasdebolsillo.com\/index.php\/wp-json\/wp\/v2\/product"}],"about":[{"href":"https:\/\/libreriahistoriasdebolsillo.com\/index.php\/wp-json\/wp\/v2\/types\/product"}],"wp:featuredmedia":[{"embeddable":true,"href":"https:\/\/libreriahistoriasdebolsillo.com\/index.php\/wp-json\/wp\/v2\/media\/5193"}],"wp:attachment":[{"href":"https:\/\/libreriahistoriasdebolsillo.com\/index.php\/wp-json\/wp\/v2\/media?parent=5192"}],"wp:term":[{"taxonomy":"product_brand","embeddable":true,"href":"https:\/\/libreriahistoriasdebolsillo.com\/index.php\/wp-json\/wp\/v2\/product_brand?post=5192"},{"taxonomy":"product_cat","embeddable":true,"href":"https:\/\/libreriahistoriasdebolsillo.com\/index.php\/wp-json\/wp\/v2\/product_cat?post=5192"},{"taxonomy":"product_tag","embeddable":true,"href":"https:\/\/libreriahistoriasdebolsillo.com\/index.php\/wp-json\/wp\/v2\/product_tag?post=5192"}],"curies":[{"name":"wp","href":"https:\/\/api.w.org\/{rel}","templated":true}]}}