{"id":5194,"date":"2024-07-12T14:43:01","date_gmt":"2024-07-12T20:43:01","guid":{"rendered":"https:\/\/libreriahistoriasdebolsillo.com\/?post_type=product&#038;p=5194"},"modified":"2025-06-27T16:57:16","modified_gmt":"2025-06-27T22:57:16","slug":"batman-el-libro-oficial-para-colorear","status":"publish","type":"product","link":"https:\/\/libreriahistoriasdebolsillo.com\/index.php\/producto\/batman-el-libro-oficial-para-colorear\/","title":{"rendered":"Batman, el libro oficial para colorear"},"content":{"rendered":"<p>El caballero oscuro y mejor detective del mundo, \u00a1ahora para colorear! Revive la acci\u00f3n en Gotham City y ayuda al Caballero Oscuro a traer la paz; s\u00e9 testigo de su ic\u00f3nica lucha contra enemigos como El Ping\u00fcino y Harley Quinn. Disfruta de horas de diversi\u00f3n creativa coloreando con uno de los h\u00e9roes m\u00e1s poderosos del mundo.<\/p>\n","protected":false},"excerpt":{"rendered":"<p>El caballero oscuro y mejor detective del mundo, \u00a1ahora para colorear! Revive la acci\u00f3n en Gotham City y ayuda al Caballero Oscuro a traer la paz; s\u00e9 testigo de su ic\u00f3nica lucha contra enemigos como El Ping\u00fcino y Harley Quinn. Disfruta de horas de diversi\u00f3n creativa coloreando con uno de los h\u00e9roes m\u00e1s poderosos del [&hellip;]<\/p>\n","protected":false},"featured_media":5195,"template":"","meta":{"_joinchat":[]},"product_brand":[],"product_cat":[50,51],"product_tag":[48],"class_list":{"0":"post-5194","1":"product","2":"type-product","3":"status-publish","4":"has-post-thumbnail","6":"product_cat-mandalas-y-libros-para-colorear","7":"product_cat-oferta","8":"product_tag-vr-editoras","10":"first","11":"outofstock","12":"shipping-taxable","13":"purchasable","14":"product-type-simple"},"_links":{"self":[{"href":"https:\/\/libreriahistoriasdebolsillo.com\/index.php\/wp-json\/wp\/v2\/product\/5194","targetHints":{"allow":["GET"]}}],"collection":[{"href":"https:\/\/libreriahistoriasdebolsillo.com\/index.php\/wp-json\/wp\/v2\/product"}],"about":[{"href":"https:\/\/libreriahistoriasdebolsillo.com\/index.php\/wp-json\/wp\/v2\/types\/product"}],"wp:featuredmedia":[{"embeddable":true,"href":"https:\/\/libreriahistoriasdebolsillo.com\/index.php\/wp-json\/wp\/v2\/media\/5195"}],"wp:attachment":[{"href":"https:\/\/libreriahistoriasdebolsillo.com\/index.php\/wp-json\/wp\/v2\/media?parent=5194"}],"wp:term":[{"taxonomy":"product_brand","embeddable":true,"href":"https:\/\/libreriahistoriasdebolsillo.com\/index.php\/wp-json\/wp\/v2\/product_brand?post=5194"},{"taxonomy":"product_cat","embeddable":true,"href":"https:\/\/libreriahistoriasdebolsillo.com\/index.php\/wp-json\/wp\/v2\/product_cat?post=5194"},{"taxonomy":"product_tag","embeddable":true,"href":"https:\/\/libreriahistoriasdebolsillo.com\/index.php\/wp-json\/wp\/v2\/product_tag?post=5194"}],"curies":[{"name":"wp","href":"https:\/\/api.w.org\/{rel}","templated":true}]}}