{"id":5205,"date":"2024-07-18T16:29:23","date_gmt":"2024-07-18T22:29:23","guid":{"rendered":"https:\/\/libreriahistoriasdebolsillo.com\/?post_type=product&#038;p=5205"},"modified":"2025-06-28T15:32:38","modified_gmt":"2025-06-28T21:32:38","slug":"segunda-chance","status":"publish","type":"product","link":"https:\/\/libreriahistoriasdebolsillo.com\/index.php\/producto\/segunda-chance\/","title":{"rendered":"Segunda chance"},"content":{"rendered":"<p>\u00bfPuede la verdad triunfar sobre el ocultamiento y la mentira? \u00bfC\u00f3mo se reconstruye el amor despu\u00e9s de una traici\u00f3n? \u00bfEs posible tener una nueva oportunidad de amar? Segunda chance es una novela sobre las relaciones que trascienden el paso del tiempo. Una historia que nos conecta con la certeza de reencontrarnos con el amor posible, el \u00fanico y verdadero.<\/p>\n","protected":false},"excerpt":{"rendered":"<p>Patricia Su\u00e1rez<\/p>\n<p>456 p\u00e1ginas<\/p>\n","protected":false},"featured_media":5206,"template":"","meta":{"_joinchat":[]},"product_brand":[],"product_cat":[35],"product_tag":[48],"class_list":{"0":"post-5205","1":"product","2":"type-product","3":"status-publish","4":"has-post-thumbnail","6":"product_cat-romantica","7":"product_tag-vr-editoras","9":"first","10":"instock","11":"shipping-taxable","12":"purchasable","13":"product-type-simple"},"_links":{"self":[{"href":"https:\/\/libreriahistoriasdebolsillo.com\/index.php\/wp-json\/wp\/v2\/product\/5205","targetHints":{"allow":["GET"]}}],"collection":[{"href":"https:\/\/libreriahistoriasdebolsillo.com\/index.php\/wp-json\/wp\/v2\/product"}],"about":[{"href":"https:\/\/libreriahistoriasdebolsillo.com\/index.php\/wp-json\/wp\/v2\/types\/product"}],"wp:featuredmedia":[{"embeddable":true,"href":"https:\/\/libreriahistoriasdebolsillo.com\/index.php\/wp-json\/wp\/v2\/media\/5206"}],"wp:attachment":[{"href":"https:\/\/libreriahistoriasdebolsillo.com\/index.php\/wp-json\/wp\/v2\/media?parent=5205"}],"wp:term":[{"taxonomy":"product_brand","embeddable":true,"href":"https:\/\/libreriahistoriasdebolsillo.com\/index.php\/wp-json\/wp\/v2\/product_brand?post=5205"},{"taxonomy":"product_cat","embeddable":true,"href":"https:\/\/libreriahistoriasdebolsillo.com\/index.php\/wp-json\/wp\/v2\/product_cat?post=5205"},{"taxonomy":"product_tag","embeddable":true,"href":"https:\/\/libreriahistoriasdebolsillo.com\/index.php\/wp-json\/wp\/v2\/product_tag?post=5205"}],"curies":[{"name":"wp","href":"https:\/\/api.w.org\/{rel}","templated":true}]}}