{"id":5209,"date":"2024-07-19T14:52:55","date_gmt":"2024-07-19T20:52:55","guid":{"rendered":"https:\/\/libreriahistoriasdebolsillo.com\/?post_type=product&#038;p=5209"},"modified":"2025-10-28T12:19:56","modified_gmt":"2025-10-28T18:19:56","slug":"el-idiota","status":"publish","type":"product","link":"https:\/\/libreriahistoriasdebolsillo.com\/index.php\/producto\/el-idiota\/","title":{"rendered":"El idiota"},"content":{"rendered":"<p>Tras retratar magistralmente la\u00a0<b>figura del culpable\u00a0<\/b>en\u00a0<i>Crimen y castigo<\/i>,\u00a0<b>Dostoievski\u00a0<\/b>ahonda en<i>\u00a0El idiota<\/i>\u00a0en el alma torturada de un hombre inocente. Despu\u00e9s de pasar varios a\u00f1os en un\u00a0<b>sanatorio\u00a0<\/b>suizo, el joven y piadoso pr\u00edncipe Mishkin regresa a su Rusia natal para recibir una herencia y \u00abmezclarse con la gente\u00bb. Sin embargo, en SanPetesburgo solo le aguarda una sociedad obsesionada con\u00a0<b>el dinero, el poder y la manipulaci\u00f3n\u00a0<\/b>que pondr\u00e1 a prueba su moral y sus puros sentimientos.<\/p>\n<p>Antes de llegar a su destino conoce al inquietante Rogozhin, hijo de un acaudalado mercader, cuya fijaci\u00f3n por la hermosa Nastasia Fil\u00edppovna acabar\u00e1 por arrastrar a los tres protagonistas a un\u00a0<b>fatal desenlace<\/b>.<\/p>\n<p>La presente edici\u00f3n cuenta con la traducci\u00f3n magistral de Jos\u00e9 La\u00edn Entralgo y Augusto Vidal. El estudio introductorio es de William Mills Todd III, catedr\u00e1tico de literatura y lenguas eslavas en la Universidad de Hardvard.<\/p>\n","protected":false},"excerpt":{"rendered":"<p>Fi\u00f3dor M. Dostoievski<\/p>\n<p>832 p\u00e1ginas<\/p>\n","protected":false},"featured_media":5210,"template":"","meta":{"_joinchat":[]},"product_brand":[],"product_cat":[42],"product_tag":[34],"class_list":{"0":"post-5209","1":"product","2":"type-product","3":"status-publish","4":"has-post-thumbnail","6":"product_cat-literatura-clasica","7":"product_tag-penguin-random-house","9":"first","10":"outofstock","11":"shipping-taxable","12":"purchasable","13":"product-type-simple"},"_links":{"self":[{"href":"https:\/\/libreriahistoriasdebolsillo.com\/index.php\/wp-json\/wp\/v2\/product\/5209","targetHints":{"allow":["GET"]}}],"collection":[{"href":"https:\/\/libreriahistoriasdebolsillo.com\/index.php\/wp-json\/wp\/v2\/product"}],"about":[{"href":"https:\/\/libreriahistoriasdebolsillo.com\/index.php\/wp-json\/wp\/v2\/types\/product"}],"wp:featuredmedia":[{"embeddable":true,"href":"https:\/\/libreriahistoriasdebolsillo.com\/index.php\/wp-json\/wp\/v2\/media\/5210"}],"wp:attachment":[{"href":"https:\/\/libreriahistoriasdebolsillo.com\/index.php\/wp-json\/wp\/v2\/media?parent=5209"}],"wp:term":[{"taxonomy":"product_brand","embeddable":true,"href":"https:\/\/libreriahistoriasdebolsillo.com\/index.php\/wp-json\/wp\/v2\/product_brand?post=5209"},{"taxonomy":"product_cat","embeddable":true,"href":"https:\/\/libreriahistoriasdebolsillo.com\/index.php\/wp-json\/wp\/v2\/product_cat?post=5209"},{"taxonomy":"product_tag","embeddable":true,"href":"https:\/\/libreriahistoriasdebolsillo.com\/index.php\/wp-json\/wp\/v2\/product_tag?post=5209"}],"curies":[{"name":"wp","href":"https:\/\/api.w.org\/{rel}","templated":true}]}}