{"id":5211,"date":"2024-07-19T14:55:33","date_gmt":"2024-07-19T20:55:33","guid":{"rendered":"https:\/\/libreriahistoriasdebolsillo.com\/?post_type=product&#038;p=5211"},"modified":"2025-11-20T13:17:24","modified_gmt":"2025-11-20T19:17:24","slug":"asi-hablo-zaratustra","status":"publish","type":"product","link":"https:\/\/libreriahistoriasdebolsillo.com\/index.php\/producto\/asi-hablo-zaratustra\/","title":{"rendered":"As\u00ed habl\u00f3 Zaratustra"},"content":{"rendered":"<p>Obra capital de Friedrich Nietzsche,\u00a0<i>As\u00ed habl\u00f3 Zaratustra\u00a0<\/i>recrea los trabajos y las palabras del profeta persa Zaratustra en el momento en que desciende de las monta\u00f1as para revelar ante el mundo que Dios ha muerto y que el Superhombre ha de ser su sucesor. Con un discurso de gran intensidad que combina la \u00e9tica, la narraci\u00f3n y la poes\u00eda, Nietzsche sostiene que el sentido de la existencia no se encuentra en las viejas ideas religiosas ni en la sumisi\u00f3n a los amos, sino en una fuerza vital todopoderosa que puede identificarse con una nueva forma de ser libre.<\/p>\n<p>La presente edici\u00f3n, a cargo de Fernando P\u00e9rez-Borbujo \u00c1lvarez, experto en el autor y profesor de filosof\u00eda de la Universidad Pompeu Fabra, cuenta con una magn\u00edfica introducci\u00f3n sobre la vida y obra de Nietzsche y un aparato de notas que ayuda a la cabal comprensi\u00f3n del texto.<\/p>\n","protected":false},"excerpt":{"rendered":"<p>Friedrich Nietzsche<\/p>\n<p>560 p\u00e1ginas<\/p>\n","protected":false},"featured_media":5212,"template":"","meta":{"_joinchat":[]},"product_brand":[],"product_cat":[42],"product_tag":[34],"class_list":{"0":"post-5211","1":"product","2":"type-product","3":"status-publish","4":"has-post-thumbnail","6":"product_cat-literatura-clasica","7":"product_tag-penguin-random-house","9":"first","10":"outofstock","11":"shipping-taxable","12":"purchasable","13":"product-type-simple"},"_links":{"self":[{"href":"https:\/\/libreriahistoriasdebolsillo.com\/index.php\/wp-json\/wp\/v2\/product\/5211","targetHints":{"allow":["GET"]}}],"collection":[{"href":"https:\/\/libreriahistoriasdebolsillo.com\/index.php\/wp-json\/wp\/v2\/product"}],"about":[{"href":"https:\/\/libreriahistoriasdebolsillo.com\/index.php\/wp-json\/wp\/v2\/types\/product"}],"wp:featuredmedia":[{"embeddable":true,"href":"https:\/\/libreriahistoriasdebolsillo.com\/index.php\/wp-json\/wp\/v2\/media\/5212"}],"wp:attachment":[{"href":"https:\/\/libreriahistoriasdebolsillo.com\/index.php\/wp-json\/wp\/v2\/media?parent=5211"}],"wp:term":[{"taxonomy":"product_brand","embeddable":true,"href":"https:\/\/libreriahistoriasdebolsillo.com\/index.php\/wp-json\/wp\/v2\/product_brand?post=5211"},{"taxonomy":"product_cat","embeddable":true,"href":"https:\/\/libreriahistoriasdebolsillo.com\/index.php\/wp-json\/wp\/v2\/product_cat?post=5211"},{"taxonomy":"product_tag","embeddable":true,"href":"https:\/\/libreriahistoriasdebolsillo.com\/index.php\/wp-json\/wp\/v2\/product_tag?post=5211"}],"curies":[{"name":"wp","href":"https:\/\/api.w.org\/{rel}","templated":true}]}}