{"id":5217,"date":"2024-07-19T15:07:07","date_gmt":"2024-07-19T21:07:07","guid":{"rendered":"https:\/\/libreriahistoriasdebolsillo.com\/?post_type=product&#038;p=5217"},"modified":"2024-10-09T19:24:43","modified_gmt":"2024-10-10T01:24:43","slug":"todo-esta-jodido","status":"publish","type":"product","link":"https:\/\/libreriahistoriasdebolsillo.com\/index.php\/producto\/todo-esta-jodido\/","title":{"rendered":"Todo est\u00e1 jodido"},"content":{"rendered":"<p><b>Una gu\u00eda contraintuitiva para los problemas de esperanza.<\/b><\/p>\n<p><b>Nunca hemos sido m\u00e1s libres, ni m\u00e1s ricos y sanos que hoy en d\u00eda. Nunca hemos tenido tantas opciones, y mucho menos el dinero para llevarlas a cabo, como ahora.\u00a0<\/b>Sin embargo, todo parece estar irreparablemente jodido y se est\u00e1 extendiendo una sensaci\u00f3n de\u00a0<b>desesperanza<\/b>. El planeta se est\u00e1 calentando, los gobiernos est\u00e1n fallando, la econom\u00eda est\u00e1 colapsando y todo el mundo se muestra ofendido en Twitter.<\/p>\n<p>En\u00a0<i>Todo est\u00e1 j*dido<\/i>, el autor bestseller Mark Manson se adentra en esta paradoja. Con su mezcla caracter\u00edstica de humor y sinceridad, pone a prueba nuestras definiciones de felicidad, esperanza y libertad. Basado en los conocimientos de la psicolog\u00eda y la sabidur\u00eda atemporal de los grandes fil\u00f3sofos, cuestiona nuestra relaci\u00f3n con el dinero, el entretenimiento e Internet.\u00a0<b>Manson nos reta a ser m\u00e1s honestos con nosotros mismos y a conectarnos con el mundo de una manera completamente nueva. Porque a\u00fan no todo est\u00e1 jodido.<\/b><\/p>\n","protected":false},"excerpt":{"rendered":"<p>Mark Manson<\/p>\n<p>256 p\u00e1ginas<\/p>\n","protected":false},"featured_media":5218,"template":"","meta":{"_joinchat":[]},"product_brand":[],"product_cat":[58,41],"product_tag":[34],"class_list":{"0":"post-5217","1":"product","2":"type-product","3":"status-publish","4":"has-post-thumbnail","6":"product_cat-desarrollo-humano-y-superacion","7":"product_cat-desarrollo-humano","8":"product_tag-penguin-random-house","10":"first","11":"outofstock","12":"shipping-taxable","13":"purchasable","14":"product-type-simple"},"_links":{"self":[{"href":"https:\/\/libreriahistoriasdebolsillo.com\/index.php\/wp-json\/wp\/v2\/product\/5217","targetHints":{"allow":["GET"]}}],"collection":[{"href":"https:\/\/libreriahistoriasdebolsillo.com\/index.php\/wp-json\/wp\/v2\/product"}],"about":[{"href":"https:\/\/libreriahistoriasdebolsillo.com\/index.php\/wp-json\/wp\/v2\/types\/product"}],"wp:featuredmedia":[{"embeddable":true,"href":"https:\/\/libreriahistoriasdebolsillo.com\/index.php\/wp-json\/wp\/v2\/media\/5218"}],"wp:attachment":[{"href":"https:\/\/libreriahistoriasdebolsillo.com\/index.php\/wp-json\/wp\/v2\/media?parent=5217"}],"wp:term":[{"taxonomy":"product_brand","embeddable":true,"href":"https:\/\/libreriahistoriasdebolsillo.com\/index.php\/wp-json\/wp\/v2\/product_brand?post=5217"},{"taxonomy":"product_cat","embeddable":true,"href":"https:\/\/libreriahistoriasdebolsillo.com\/index.php\/wp-json\/wp\/v2\/product_cat?post=5217"},{"taxonomy":"product_tag","embeddable":true,"href":"https:\/\/libreriahistoriasdebolsillo.com\/index.php\/wp-json\/wp\/v2\/product_tag?post=5217"}],"curies":[{"name":"wp","href":"https:\/\/api.w.org\/{rel}","templated":true}]}}