{"id":5219,"date":"2024-07-19T15:09:41","date_gmt":"2024-07-19T21:09:41","guid":{"rendered":"https:\/\/libreriahistoriasdebolsillo.com\/?post_type=product&#038;p=5219"},"modified":"2025-02-20T16:31:13","modified_gmt":"2025-02-20T22:31:13","slug":"joyas-de-la-familia","status":"publish","type":"product","link":"https:\/\/libreriahistoriasdebolsillo.com\/index.php\/producto\/joyas-de-la-familia\/","title":{"rendered":"Joyas de la familia"},"content":{"rendered":"<p>Rub\u00e9n Pablo Alcocer tiene 54 a\u00f1os, es\u00a0<b>detective privado<\/b>\u00a0y vive en\u00a0<b>Saltillo.<\/b>\u00a0Pudo haber sido fil\u00f3sofo y, quiz\u00e1, m\u00e1s le habr\u00eda valido, pues su m\u00e1s reciente trabajo lo ha llevado a una situaci\u00f3n por dem\u00e1s complicada: un hombre y una mujer lo tienen amarrado a una silla, le han colocado una bolsa de pl\u00e1stico sobre la cabeza y le han clavado palillos debajo de las u\u00f1as. Sus captores quieren saber d\u00f3nde ha quedado la antigua gargantilla de diamantes de su clienta, otrora propiedad de la\u00a0<b>corona deRumania<\/b>. Para resistir el tormento, hace un recuento de la larga historia de\u00a0<b>la alhaja<\/b>, que se remonta hasta el siglo\u00a0<b>XV<\/b>, atravesando los destinos de diversas\u00a0<b>dinast\u00edas europeas<\/b>,y en la que participan tanto\u00a0<b>Napole\u00f3n<\/b>\u00a0como\u00a0<b>la reina Victoria<\/b>\u00a0y el mismo\u00a0<b>conde Dr\u00e1cula<\/b>. Cruzar este\u00a0<b>memorioso laberinto<\/b>\u00a0quiz\u00e1 sea la clave para escapar de la muerte. Este relato,\u00a0<b>fascinante combinaci\u00f3n de thriller<\/b>\u00a0y\u00a0<b>novela hist\u00f3rica<\/b>, nos recuerda que toda familia tiene sus joyas, piedras y personas de distintas durezas, que componen un mosaico de\u00a0<b>amor y desamor<\/b>,\u00a0<b>traici\u00f3n y des<\/b>eo. Tambi\u00e9n de\u00a0<b>memoria y olvido<\/b>. A veces, deseo de olvidar.<\/p>\n","protected":false},"excerpt":{"rendered":"<p>Sergio E. Avil\u00e9s<\/p>\n<p>320 p\u00e1ginas<\/p>\n","protected":false},"featured_media":5220,"template":"","meta":{"_joinchat":[]},"product_brand":[],"product_cat":[79,33,51],"product_tag":[34],"class_list":{"0":"post-5219","1":"product","2":"type-product","3":"status-publish","4":"has-post-thumbnail","6":"product_cat-campana-punto-naranja","7":"product_cat-ficcion-general","8":"product_cat-oferta","9":"product_tag-penguin-random-house","11":"first","12":"outofstock","13":"sale","14":"shipping-taxable","15":"purchasable","16":"product-type-simple"},"_links":{"self":[{"href":"https:\/\/libreriahistoriasdebolsillo.com\/index.php\/wp-json\/wp\/v2\/product\/5219","targetHints":{"allow":["GET"]}}],"collection":[{"href":"https:\/\/libreriahistoriasdebolsillo.com\/index.php\/wp-json\/wp\/v2\/product"}],"about":[{"href":"https:\/\/libreriahistoriasdebolsillo.com\/index.php\/wp-json\/wp\/v2\/types\/product"}],"wp:featuredmedia":[{"embeddable":true,"href":"https:\/\/libreriahistoriasdebolsillo.com\/index.php\/wp-json\/wp\/v2\/media\/5220"}],"wp:attachment":[{"href":"https:\/\/libreriahistoriasdebolsillo.com\/index.php\/wp-json\/wp\/v2\/media?parent=5219"}],"wp:term":[{"taxonomy":"product_brand","embeddable":true,"href":"https:\/\/libreriahistoriasdebolsillo.com\/index.php\/wp-json\/wp\/v2\/product_brand?post=5219"},{"taxonomy":"product_cat","embeddable":true,"href":"https:\/\/libreriahistoriasdebolsillo.com\/index.php\/wp-json\/wp\/v2\/product_cat?post=5219"},{"taxonomy":"product_tag","embeddable":true,"href":"https:\/\/libreriahistoriasdebolsillo.com\/index.php\/wp-json\/wp\/v2\/product_tag?post=5219"}],"curies":[{"name":"wp","href":"https:\/\/api.w.org\/{rel}","templated":true}]}}