{"id":5230,"date":"2024-07-22T14:27:03","date_gmt":"2024-07-22T20:27:03","guid":{"rendered":"https:\/\/libreriahistoriasdebolsillo.com\/?post_type=product&#038;p=5230"},"modified":"2025-11-26T18:25:43","modified_gmt":"2025-11-27T00:25:43","slug":"como-ser-un-chico-y-serlo-a-tu-manera","status":"publish","type":"product","link":"https:\/\/libreriahistoriasdebolsillo.com\/index.php\/producto\/como-ser-un-chico-y-serlo-a-tu-manera\/","title":{"rendered":"C\u00f3mo ser un chico \u00a1Y serlo a tu manera!"},"content":{"rendered":"<p>\u00abNavegar por los mensajes confusos que rodean a los chicos mientras crecen puede ser dif\u00edcil. En un mundo en el que todos parecen tener una opini\u00f3n sobre lo que significa ser var\u00f3n, el Dr. Ranj est\u00e1 aqu\u00ed para asegurarles que no hay una sola manera de ser un chico, solo una manera de ser fiel a uno mismo.\u00bb<\/p>\n","protected":false},"excerpt":{"rendered":"<p>Dr. Ranj<\/p>\n<p>Ilustraciones de David O&#8217;Connell<\/p>\n<p>160 p\u00e1ginas<\/p>\n","protected":false},"featured_media":5231,"template":"","meta":{"_joinchat":[]},"product_brand":[],"product_cat":[41],"product_tag":[48],"class_list":{"0":"post-5230","1":"product","2":"type-product","3":"status-publish","4":"has-post-thumbnail","6":"product_cat-desarrollo-humano","7":"product_tag-vr-editoras","9":"first","10":"outofstock","11":"shipping-taxable","12":"purchasable","13":"product-type-simple"},"_links":{"self":[{"href":"https:\/\/libreriahistoriasdebolsillo.com\/index.php\/wp-json\/wp\/v2\/product\/5230","targetHints":{"allow":["GET"]}}],"collection":[{"href":"https:\/\/libreriahistoriasdebolsillo.com\/index.php\/wp-json\/wp\/v2\/product"}],"about":[{"href":"https:\/\/libreriahistoriasdebolsillo.com\/index.php\/wp-json\/wp\/v2\/types\/product"}],"wp:featuredmedia":[{"embeddable":true,"href":"https:\/\/libreriahistoriasdebolsillo.com\/index.php\/wp-json\/wp\/v2\/media\/5231"}],"wp:attachment":[{"href":"https:\/\/libreriahistoriasdebolsillo.com\/index.php\/wp-json\/wp\/v2\/media?parent=5230"}],"wp:term":[{"taxonomy":"product_brand","embeddable":true,"href":"https:\/\/libreriahistoriasdebolsillo.com\/index.php\/wp-json\/wp\/v2\/product_brand?post=5230"},{"taxonomy":"product_cat","embeddable":true,"href":"https:\/\/libreriahistoriasdebolsillo.com\/index.php\/wp-json\/wp\/v2\/product_cat?post=5230"},{"taxonomy":"product_tag","embeddable":true,"href":"https:\/\/libreriahistoriasdebolsillo.com\/index.php\/wp-json\/wp\/v2\/product_tag?post=5230"}],"curies":[{"name":"wp","href":"https:\/\/api.w.org\/{rel}","templated":true}]}}