{"id":5238,"date":"2024-07-22T14:42:40","date_gmt":"2024-07-22T20:42:40","guid":{"rendered":"https:\/\/libreriahistoriasdebolsillo.com\/?post_type=product&#038;p=5238"},"modified":"2025-02-27T19:20:56","modified_gmt":"2025-02-28T01:20:56","slug":"la-tierra-es-el-lugar-mas-hermoso-del-cielo","status":"publish","type":"product","link":"https:\/\/libreriahistoriasdebolsillo.com\/index.php\/producto\/la-tierra-es-el-lugar-mas-hermoso-del-cielo\/","title":{"rendered":"La tierra es el lugar m\u00e1s hermoso del cielo"},"content":{"rendered":"<p>Esta conmovedora novela te recordar\u00e1 que, incluso en los momentos m\u00e1s oscuros, siempre hay luz y esperanza. Clara Loiseau es una psic\u00f3loga que gu\u00eda a otros hacia la felicidad en su acogedor consultorio de Par\u00eds. Pero, sin darse cuenta, se ha olvidado de s\u00ed misma. Hasta que un diagn\u00f3stico de c\u00e1ncer la toma por sorpresa y la lleva al borde de la muerte. Entonces se cuestiona si vale la pena aferrarse a una segunda oportunidad para tomar las riendas de su propia historia. En su b\u00fasqueda del sentido de la vida, Clara descubrir\u00e1 el poder transformador del amor y la belleza de cada instante en la Tierra.<\/p>\n","protected":false},"excerpt":{"rendered":"<p>Francoise Dorn<\/p>\n<p>240 p\u00e1ginas<\/p>\n","protected":false},"featured_media":5239,"template":"","meta":{"_joinchat":[]},"product_brand":[],"product_cat":[78,33,70],"product_tag":[48],"class_list":{"0":"post-5238","1":"product","2":"type-product","3":"status-publish","4":"has-post-thumbnail","6":"product_cat-contemporanea","7":"product_cat-ficcion-general","8":"product_cat-novedades","9":"product_tag-vr-editoras","11":"first","12":"instock","13":"shipping-taxable","14":"purchasable","15":"product-type-simple"},"_links":{"self":[{"href":"https:\/\/libreriahistoriasdebolsillo.com\/index.php\/wp-json\/wp\/v2\/product\/5238","targetHints":{"allow":["GET"]}}],"collection":[{"href":"https:\/\/libreriahistoriasdebolsillo.com\/index.php\/wp-json\/wp\/v2\/product"}],"about":[{"href":"https:\/\/libreriahistoriasdebolsillo.com\/index.php\/wp-json\/wp\/v2\/types\/product"}],"wp:featuredmedia":[{"embeddable":true,"href":"https:\/\/libreriahistoriasdebolsillo.com\/index.php\/wp-json\/wp\/v2\/media\/5239"}],"wp:attachment":[{"href":"https:\/\/libreriahistoriasdebolsillo.com\/index.php\/wp-json\/wp\/v2\/media?parent=5238"}],"wp:term":[{"taxonomy":"product_brand","embeddable":true,"href":"https:\/\/libreriahistoriasdebolsillo.com\/index.php\/wp-json\/wp\/v2\/product_brand?post=5238"},{"taxonomy":"product_cat","embeddable":true,"href":"https:\/\/libreriahistoriasdebolsillo.com\/index.php\/wp-json\/wp\/v2\/product_cat?post=5238"},{"taxonomy":"product_tag","embeddable":true,"href":"https:\/\/libreriahistoriasdebolsillo.com\/index.php\/wp-json\/wp\/v2\/product_tag?post=5238"}],"curies":[{"name":"wp","href":"https:\/\/api.w.org\/{rel}","templated":true}]}}