{"id":5240,"date":"2024-07-22T14:46:39","date_gmt":"2024-07-22T20:46:39","guid":{"rendered":"https:\/\/libreriahistoriasdebolsillo.com\/?post_type=product&#038;p=5240"},"modified":"2025-06-28T12:11:04","modified_gmt":"2025-06-28T18:11:04","slug":"las-brujas-de-la-extraordinaria-liga-wicken","status":"publish","type":"product","link":"https:\/\/libreriahistoriasdebolsillo.com\/index.php\/producto\/las-brujas-de-la-extraordinaria-liga-wicken\/","title":{"rendered":"Las brujas de la extraordinaria liga Wicken"},"content":{"rendered":"<p>Justo cuando pensabas que era seguro volver a la casa de t\u00e9&#8230;La se\u00f1orita Charlotte Pettifer pertenece a una liga secreta de mujeres expertas en artes sutiles; es decir, aunque nunca debe decirse, son brujas. Utilizando la magia, la Liga Wicken ordena y manipula el mundo para convertirlo en un lugar mejor (de acuerdo con lo que ellas consideran que es \u0093lo mejor\u0094, una visi\u00f3n totalmente distinta a la que tiene la Sociedad Wisteria). Cuando se descubre el amuleto de Beryl Black, perdido hace mucho tiempo, Charlotte, como futura l\u00edder de la liga, deber\u00e1 asegurarse de que ese poderoso talism\u00e1n no caiga en las manos equivocadas. Y cuando se cruza con Alex O\u0092Riley, un pirata que no est\u00e1 ni cerca de ser el se\u00f1or Darcy, no puede sentirse m\u00e1s desafortunada. Pero con todo el mundo corriendo tras el amuleto, Alex y Charlotte deciden unir sus fuerzas para encontrarlo juntos. Tan solo tendr\u00e1n que mantener bajo control sus manos de carteristas, porque si Alex no tiene cuidado, podr\u00eda robar algo m\u00e1s, como el coraz\u00f3n de Charlotte.<\/p>\n","protected":false},"excerpt":{"rendered":"<p>India Holton<\/p>\n<p>384 p\u00e1ginas<\/p>\n","protected":false},"featured_media":5241,"template":"","meta":{"_joinchat":[]},"product_brand":[],"product_cat":[70,76],"product_tag":[48],"class_list":{"0":"post-5240","1":"product","2":"type-product","3":"status-publish","4":"has-post-thumbnail","6":"product_cat-novedades","7":"product_cat-romantasy","8":"product_tag-vr-editoras","10":"first","11":"instock","12":"shipping-taxable","13":"purchasable","14":"product-type-simple"},"_links":{"self":[{"href":"https:\/\/libreriahistoriasdebolsillo.com\/index.php\/wp-json\/wp\/v2\/product\/5240","targetHints":{"allow":["GET"]}}],"collection":[{"href":"https:\/\/libreriahistoriasdebolsillo.com\/index.php\/wp-json\/wp\/v2\/product"}],"about":[{"href":"https:\/\/libreriahistoriasdebolsillo.com\/index.php\/wp-json\/wp\/v2\/types\/product"}],"wp:featuredmedia":[{"embeddable":true,"href":"https:\/\/libreriahistoriasdebolsillo.com\/index.php\/wp-json\/wp\/v2\/media\/5241"}],"wp:attachment":[{"href":"https:\/\/libreriahistoriasdebolsillo.com\/index.php\/wp-json\/wp\/v2\/media?parent=5240"}],"wp:term":[{"taxonomy":"product_brand","embeddable":true,"href":"https:\/\/libreriahistoriasdebolsillo.com\/index.php\/wp-json\/wp\/v2\/product_brand?post=5240"},{"taxonomy":"product_cat","embeddable":true,"href":"https:\/\/libreriahistoriasdebolsillo.com\/index.php\/wp-json\/wp\/v2\/product_cat?post=5240"},{"taxonomy":"product_tag","embeddable":true,"href":"https:\/\/libreriahistoriasdebolsillo.com\/index.php\/wp-json\/wp\/v2\/product_tag?post=5240"}],"curies":[{"name":"wp","href":"https:\/\/api.w.org\/{rel}","templated":true}]}}