{"id":5242,"date":"2024-07-22T14:50:41","date_gmt":"2024-07-22T20:50:41","guid":{"rendered":"https:\/\/libreriahistoriasdebolsillo.com\/?post_type=product&#038;p=5242"},"modified":"2025-06-28T15:35:35","modified_gmt":"2025-06-28T21:35:35","slug":"solo-el-amor-puede-doler-asi","status":"publish","type":"product","link":"https:\/\/libreriahistoriasdebolsillo.com\/index.php\/producto\/solo-el-amor-puede-doler-asi\/","title":{"rendered":"Solo el amor puede doler as\u00ed"},"content":{"rendered":"<p>Ninguno de los dos espera enamorarse, pero a veces la vida tiene otros planes.Cuando Wren descubre que su prometido est\u00e1 enamorado de otra persona, cree que su coraz\u00f3n nunca se recuperar\u00e1 del desenga\u00f1o. Al otro lado del mundo, Anders ha perdido a su esposa hace cuatro a\u00f1os y todav\u00eda no ha podido superarlo. Wren espera que pasar el verano con su padre y su familia en la granja que tienen en Indiana la ayude a sentirse mejor. All\u00ed, entre campos de ma\u00edz y luci\u00e9rnagas, se cruza con Anders y sus mundos vuelven a ponerse patas arriba. Pero \u00e9l esconde un secreto y si se deja llevar por lo que siente por Wren, habr\u00e1 graves consecuencias para todos. Alejarse la lastimar\u00e1 m\u00e1s de lo que se imagina. Pero, si se entera de la verdad, \u00bfc\u00f3mo podr\u00eda quedarse?<\/p>\n","protected":false},"excerpt":{"rendered":"<p>Paige Toon<\/p>\n<p>464 p\u00e1ginas<\/p>\n","protected":false},"featured_media":5243,"template":"","meta":{"_joinchat":[]},"product_brand":[],"product_cat":[70,35],"product_tag":[48],"class_list":{"0":"post-5242","1":"product","2":"type-product","3":"status-publish","4":"has-post-thumbnail","6":"product_cat-novedades","7":"product_cat-romantica","8":"product_tag-vr-editoras","10":"first","11":"instock","12":"shipping-taxable","13":"purchasable","14":"product-type-simple"},"_links":{"self":[{"href":"https:\/\/libreriahistoriasdebolsillo.com\/index.php\/wp-json\/wp\/v2\/product\/5242","targetHints":{"allow":["GET"]}}],"collection":[{"href":"https:\/\/libreriahistoriasdebolsillo.com\/index.php\/wp-json\/wp\/v2\/product"}],"about":[{"href":"https:\/\/libreriahistoriasdebolsillo.com\/index.php\/wp-json\/wp\/v2\/types\/product"}],"wp:featuredmedia":[{"embeddable":true,"href":"https:\/\/libreriahistoriasdebolsillo.com\/index.php\/wp-json\/wp\/v2\/media\/5243"}],"wp:attachment":[{"href":"https:\/\/libreriahistoriasdebolsillo.com\/index.php\/wp-json\/wp\/v2\/media?parent=5242"}],"wp:term":[{"taxonomy":"product_brand","embeddable":true,"href":"https:\/\/libreriahistoriasdebolsillo.com\/index.php\/wp-json\/wp\/v2\/product_brand?post=5242"},{"taxonomy":"product_cat","embeddable":true,"href":"https:\/\/libreriahistoriasdebolsillo.com\/index.php\/wp-json\/wp\/v2\/product_cat?post=5242"},{"taxonomy":"product_tag","embeddable":true,"href":"https:\/\/libreriahistoriasdebolsillo.com\/index.php\/wp-json\/wp\/v2\/product_tag?post=5242"}],"curies":[{"name":"wp","href":"https:\/\/api.w.org\/{rel}","templated":true}]}}