{"id":5244,"date":"2024-07-22T14:53:25","date_gmt":"2024-07-22T20:53:25","guid":{"rendered":"https:\/\/libreriahistoriasdebolsillo.com\/?post_type=product&#038;p=5244"},"modified":"2025-06-27T17:34:42","modified_gmt":"2025-06-27T23:34:42","slug":"dulce-como-tu","status":"publish","type":"product","link":"https:\/\/libreriahistoriasdebolsillo.com\/index.php\/producto\/dulce-como-tu\/","title":{"rendered":"Dulce como t\u00fa"},"content":{"rendered":"<p>1 novia abandonada que no lo vio venir. 1 padre soltero que ni se lo pod\u00eda imaginar. 1 a\u00f1o para casarse o perder la granja familiar. Tamizado con una sobrina peque\u00f1a que aspira a ser pirata, un poco de desconfianza y una gran dosis de atracci\u00f3n. La receta perfecta. Cuando la abuelastra de Shay Zucconi muere, le deja a Shay una granja de tulipanes&#8230; Pero antes deber\u00e1 cumplir con dos condiciones: la primera es que tiene que mudarse al peque\u00f1o pueblo de Friendship, en Rhode Island. La segunda, y m\u00e1s complicada, sobre todo porque su novio acaba de cancelar la boda, es que debe casarse en el transcurso de un a\u00f1o. Casarse es lo \u00faltimo en lo que piensa, pero est\u00e1 dispuesta a hacer lo que sea para salvar el \u00fanico hogar verdadero que ha tenido. Noah Barden estuvo enamorado de ella cuando iban a la escuela. Pero nunca se anim\u00f3 a dec\u00edrselo. Era demasiado t\u00edmido, demasiado torpe y muy poco interesante para invitar a salir a una chica tan bonita y popular. Pero ahora, una eternidad despu\u00e9s, Noah hace de padre soltero de su sobrina y est\u00e1 ocupad\u00edsimo administrando el negocio familiar. Aquel antiguo amor ni se le pasa por la cabeza. Hasta que Shay regresa al pueblo y pone la vida de Noah patas arriba.<\/p>\n","protected":false},"excerpt":{"rendered":"<p>Kate Canterbary<\/p>\n<p>550 p\u00e1ginas<\/p>\n","protected":false},"featured_media":5245,"template":"","meta":{"_joinchat":[]},"product_brand":[],"product_cat":[70,35],"product_tag":[48],"class_list":{"0":"post-5244","1":"product","2":"type-product","3":"status-publish","4":"has-post-thumbnail","6":"product_cat-novedades","7":"product_cat-romantica","8":"product_tag-vr-editoras","10":"first","11":"instock","12":"shipping-taxable","13":"purchasable","14":"product-type-simple"},"_links":{"self":[{"href":"https:\/\/libreriahistoriasdebolsillo.com\/index.php\/wp-json\/wp\/v2\/product\/5244","targetHints":{"allow":["GET"]}}],"collection":[{"href":"https:\/\/libreriahistoriasdebolsillo.com\/index.php\/wp-json\/wp\/v2\/product"}],"about":[{"href":"https:\/\/libreriahistoriasdebolsillo.com\/index.php\/wp-json\/wp\/v2\/types\/product"}],"wp:featuredmedia":[{"embeddable":true,"href":"https:\/\/libreriahistoriasdebolsillo.com\/index.php\/wp-json\/wp\/v2\/media\/5245"}],"wp:attachment":[{"href":"https:\/\/libreriahistoriasdebolsillo.com\/index.php\/wp-json\/wp\/v2\/media?parent=5244"}],"wp:term":[{"taxonomy":"product_brand","embeddable":true,"href":"https:\/\/libreriahistoriasdebolsillo.com\/index.php\/wp-json\/wp\/v2\/product_brand?post=5244"},{"taxonomy":"product_cat","embeddable":true,"href":"https:\/\/libreriahistoriasdebolsillo.com\/index.php\/wp-json\/wp\/v2\/product_cat?post=5244"},{"taxonomy":"product_tag","embeddable":true,"href":"https:\/\/libreriahistoriasdebolsillo.com\/index.php\/wp-json\/wp\/v2\/product_tag?post=5244"}],"curies":[{"name":"wp","href":"https:\/\/api.w.org\/{rel}","templated":true}]}}