{"id":5248,"date":"2024-07-22T15:00:43","date_gmt":"2024-07-22T21:00:43","guid":{"rendered":"https:\/\/libreriahistoriasdebolsillo.com\/?post_type=product&#038;p=5248"},"modified":"2025-02-14T16:03:45","modified_gmt":"2025-02-14T22:03:45","slug":"ryan-y-avery","status":"publish","type":"product","link":"https:\/\/libreriahistoriasdebolsillo.com\/index.php\/producto\/ryan-y-avery\/","title":{"rendered":"Ryan y Avery"},"content":{"rendered":"<p><strong>Una novela del universo de \u00abDos chicos bes\u00e1ndose\u00bb\u00a0<\/strong><\/p>\n<p>\u00bfC\u00f3mo es ver de nuevo a Avery? Es como si la vida de pronto hubiera subido de nivel y el presente fuera un lugar mucho mejor de lo que era hace un segundo\u0094. Cuando un chico de pelo azul (Ryan) conoce a un chico de pelo rosa (Avery) en un baile de graduaci\u00f3n queer, ambos sienten una conexi\u00f3n inexplicable pero poderosa. Acomp\u00e1\u00f1alos a lo largo de sus primeras diez citas. Velos superar la timidez y enamorarse a trav\u00e9s de tormentas de nieve y pijamadas improvisadas. Padres que los apoyan (como los de Avery) y que no (como los de Ryan), fiestas, amigos, planes y escapadas. Con toda la dulzura y la incertidumbre del primer amor. Protagonizada por la pareja favorita de los lectores de dos chicos bes\u00e1ndose.<\/p>\n","protected":false},"excerpt":{"rendered":"<p>David Levithan<\/p>\n<p>312 p\u00e1ginas<\/p>\n","protected":false},"featured_media":5249,"template":"","meta":{"_joinchat":[]},"product_brand":[],"product_cat":[38,70],"product_tag":[48],"class_list":{"0":"post-5248","1":"product","2":"type-product","3":"status-publish","4":"has-post-thumbnail","6":"product_cat-lgbtq","7":"product_cat-novedades","8":"product_tag-vr-editoras","10":"first","11":"instock","12":"shipping-taxable","13":"purchasable","14":"product-type-simple"},"_links":{"self":[{"href":"https:\/\/libreriahistoriasdebolsillo.com\/index.php\/wp-json\/wp\/v2\/product\/5248","targetHints":{"allow":["GET"]}}],"collection":[{"href":"https:\/\/libreriahistoriasdebolsillo.com\/index.php\/wp-json\/wp\/v2\/product"}],"about":[{"href":"https:\/\/libreriahistoriasdebolsillo.com\/index.php\/wp-json\/wp\/v2\/types\/product"}],"wp:featuredmedia":[{"embeddable":true,"href":"https:\/\/libreriahistoriasdebolsillo.com\/index.php\/wp-json\/wp\/v2\/media\/5249"}],"wp:attachment":[{"href":"https:\/\/libreriahistoriasdebolsillo.com\/index.php\/wp-json\/wp\/v2\/media?parent=5248"}],"wp:term":[{"taxonomy":"product_brand","embeddable":true,"href":"https:\/\/libreriahistoriasdebolsillo.com\/index.php\/wp-json\/wp\/v2\/product_brand?post=5248"},{"taxonomy":"product_cat","embeddable":true,"href":"https:\/\/libreriahistoriasdebolsillo.com\/index.php\/wp-json\/wp\/v2\/product_cat?post=5248"},{"taxonomy":"product_tag","embeddable":true,"href":"https:\/\/libreriahistoriasdebolsillo.com\/index.php\/wp-json\/wp\/v2\/product_tag?post=5248"}],"curies":[{"name":"wp","href":"https:\/\/api.w.org\/{rel}","templated":true}]}}