{"id":5250,"date":"2024-07-22T15:06:06","date_gmt":"2024-07-22T21:06:06","guid":{"rendered":"https:\/\/libreriahistoriasdebolsillo.com\/?post_type=product&#038;p=5250"},"modified":"2025-02-14T17:42:04","modified_gmt":"2025-02-14T23:42:04","slug":"los-extraordinarios-2-flash-fire","status":"publish","type":"product","link":"https:\/\/libreriahistoriasdebolsillo.com\/index.php\/producto\/los-extraordinarios-2-flash-fire\/","title":{"rendered":"Los extraordinarios 2. Flash fire"},"content":{"rendered":"<p>\u00a1La explosiva continuaci\u00f3n de los extraordinarios! A\u00fanque a Nick Bell todav\u00eda le pesa no tener poderes, con velnt\u00eda, encanto y una cantidad preocupante de entusiasmo.<\/p>\n","protected":false},"excerpt":{"rendered":"<p>T.J. Klune<\/p>\n","protected":false},"featured_media":5251,"template":"","meta":{"_joinchat":[]},"product_brand":[],"product_cat":[38,70],"product_tag":[48],"class_list":{"0":"post-5250","1":"product","2":"type-product","3":"status-publish","4":"has-post-thumbnail","6":"product_cat-lgbtq","7":"product_cat-novedades","8":"product_tag-vr-editoras","10":"first","11":"instock","12":"shipping-taxable","13":"purchasable","14":"product-type-simple"},"_links":{"self":[{"href":"https:\/\/libreriahistoriasdebolsillo.com\/index.php\/wp-json\/wp\/v2\/product\/5250","targetHints":{"allow":["GET"]}}],"collection":[{"href":"https:\/\/libreriahistoriasdebolsillo.com\/index.php\/wp-json\/wp\/v2\/product"}],"about":[{"href":"https:\/\/libreriahistoriasdebolsillo.com\/index.php\/wp-json\/wp\/v2\/types\/product"}],"wp:featuredmedia":[{"embeddable":true,"href":"https:\/\/libreriahistoriasdebolsillo.com\/index.php\/wp-json\/wp\/v2\/media\/5251"}],"wp:attachment":[{"href":"https:\/\/libreriahistoriasdebolsillo.com\/index.php\/wp-json\/wp\/v2\/media?parent=5250"}],"wp:term":[{"taxonomy":"product_brand","embeddable":true,"href":"https:\/\/libreriahistoriasdebolsillo.com\/index.php\/wp-json\/wp\/v2\/product_brand?post=5250"},{"taxonomy":"product_cat","embeddable":true,"href":"https:\/\/libreriahistoriasdebolsillo.com\/index.php\/wp-json\/wp\/v2\/product_cat?post=5250"},{"taxonomy":"product_tag","embeddable":true,"href":"https:\/\/libreriahistoriasdebolsillo.com\/index.php\/wp-json\/wp\/v2\/product_tag?post=5250"}],"curies":[{"name":"wp","href":"https:\/\/api.w.org\/{rel}","templated":true}]}}