{"id":5257,"date":"2024-07-24T13:29:47","date_gmt":"2024-07-24T19:29:47","guid":{"rendered":"https:\/\/libreriahistoriasdebolsillo.com\/?post_type=product&#038;p=5257"},"modified":"2025-04-09T17:41:14","modified_gmt":"2025-04-09T23:41:14","slug":"conecta-con-los-demas","status":"publish","type":"product","link":"https:\/\/libreriahistoriasdebolsillo.com\/index.php\/producto\/conecta-con-los-demas\/","title":{"rendered":"Conecta con los dem\u00e1s"},"content":{"rendered":"<p>Una de las habilidades m\u00e1s necesarias que todos debieran desarrollar es la de\u00a0<b>influir en los dem\u00e1s<\/b>. Sin ella, las\u00a0<b>relaciones humanas<\/b>\u00a0son ineficaces en el mejor de los casos y desastrosas en el peor. Ya sea que trates de\u00a0<b>cerrar un negocio<\/b>, una\u00a0<b>ventamillonaria<\/b>\u00a0o simplemente intentes\u00a0<b>alentar a tus hijos<\/b>\u00a0o a un amigo a ser mejores, lo cierto es que si careces de la capacidad de influir no podr\u00e1s convencer a nadie, ni siquiera a ti mismo.<\/p>\n<p>La mente es similar a una cerradura de alta seguridad. Si te comunicas mal (con charlas interminables, presiones o falta de empat\u00eda),te ser\u00e1 imposible abrirla. En cambio, si aprendes a\u00a0<b>transmitir tus ideas de la manera adecuada<\/b>, la cerradura se abrir\u00e1 y descubrir\u00e1 ante ti el tesoro de la conciencia a la que podr\u00e1s ayudar y motivar para lograr tus mayores sue\u00f1os.<\/p>\n","protected":false},"excerpt":{"rendered":"<p>Brian Tracy<\/p>\n<p>200 p\u00e1ginas<\/p>\n","protected":false},"featured_media":5258,"template":"","meta":{"_joinchat":[]},"product_brand":[],"product_cat":[58,41],"product_tag":[34],"class_list":{"0":"post-5257","1":"product","2":"type-product","3":"status-publish","4":"has-post-thumbnail","6":"product_cat-desarrollo-humano-y-superacion","7":"product_cat-desarrollo-humano","8":"product_tag-penguin-random-house","10":"first","11":"outofstock","12":"shipping-taxable","13":"purchasable","14":"product-type-simple"},"_links":{"self":[{"href":"https:\/\/libreriahistoriasdebolsillo.com\/index.php\/wp-json\/wp\/v2\/product\/5257","targetHints":{"allow":["GET"]}}],"collection":[{"href":"https:\/\/libreriahistoriasdebolsillo.com\/index.php\/wp-json\/wp\/v2\/product"}],"about":[{"href":"https:\/\/libreriahistoriasdebolsillo.com\/index.php\/wp-json\/wp\/v2\/types\/product"}],"wp:featuredmedia":[{"embeddable":true,"href":"https:\/\/libreriahistoriasdebolsillo.com\/index.php\/wp-json\/wp\/v2\/media\/5258"}],"wp:attachment":[{"href":"https:\/\/libreriahistoriasdebolsillo.com\/index.php\/wp-json\/wp\/v2\/media?parent=5257"}],"wp:term":[{"taxonomy":"product_brand","embeddable":true,"href":"https:\/\/libreriahistoriasdebolsillo.com\/index.php\/wp-json\/wp\/v2\/product_brand?post=5257"},{"taxonomy":"product_cat","embeddable":true,"href":"https:\/\/libreriahistoriasdebolsillo.com\/index.php\/wp-json\/wp\/v2\/product_cat?post=5257"},{"taxonomy":"product_tag","embeddable":true,"href":"https:\/\/libreriahistoriasdebolsillo.com\/index.php\/wp-json\/wp\/v2\/product_tag?post=5257"}],"curies":[{"name":"wp","href":"https:\/\/api.w.org\/{rel}","templated":true}]}}