{"id":5267,"date":"2024-08-05T17:21:41","date_gmt":"2024-08-05T23:21:41","guid":{"rendered":"https:\/\/libreriahistoriasdebolsillo.com\/?post_type=product&#038;p=5267"},"modified":"2024-08-13T16:55:23","modified_gmt":"2024-08-13T22:55:23","slug":"el-rey-del-cash","status":"publish","type":"product","link":"https:\/\/libreriahistoriasdebolsillo.com\/index.php\/producto\/el-rey-del-cash\/","title":{"rendered":"El rey del cash"},"content":{"rendered":"<p>\u00abEste es un testimonio sobre los 18 a\u00f1os que viv\u00ed cerca del\u00a0<b>presidente Andr\u00e9s Manuel L\u00f3pez Obrador<\/b>, al ser pareja de su entonces jefe de prensa\u00a0<b>C\u00e9sar Y\u00e1\u00f1ez<\/b>. Ellos dos son los protagonistas de esta historia llena de traiciones pol\u00edticas, ambiciones personales, infidelidades, abusos laborales, corrupci\u00f3n y autoritarismo. Mi prop\u00f3sito es evidenciar c\u00f3mo el\u00a0<b>poder<\/b>\u00a0ha sido el\u00a0<b>gran amor<\/b>\u00a0y la\u00a0<b>obsesi\u00f3n<\/b>\u00a0de L\u00f3pez Obrador, y c\u00f3mo el\u00a0<b>odio<\/b>\u00a0y el\u00a0<b>resentimiento<\/b>\u00a0han sido el alimento que lo sostiene.\u00bb<\/p>\n<p>Cuento aqu\u00ed a detalle c\u00f3mo los\u00a0<b>operadores del presidente<\/b>\u00a0consiguieron durante mucho tiempo miles de millones de pesos para cumplirle a su jefe, y de paso tambi\u00e9n se sirvieron con la cuchara grande. No busco denostar a ninguno de los personajes que aqu\u00ed aparecen, sino tan solo romper un\u00a0<b>pacto de impunidad<\/b>. \u00bb<\/p>\n<p>Losmexicanos tienen derecho a conocer la verdadera cara de\u00a0<b>la nueva mafia del poder<\/b>\u00a0o, mejor dicho, de la\u00a0<b>secta en el poder<\/b>. Que vea quien quiera ver, y escuche quien quiera escuchar.\u00bb<\/p>\n<p>\u2014Elena Ch\u00e1vez<\/p>\n","protected":false},"excerpt":{"rendered":"<p>Elena Ch\u00e1vez<\/p>\n<p>256 p\u00e1ginas<\/p>\n","protected":false},"featured_media":5268,"template":"","meta":{"_joinchat":[]},"product_brand":[],"product_cat":[64],"product_tag":[34],"class_list":{"0":"post-5267","1":"product","2":"type-product","3":"status-publish","4":"has-post-thumbnail","6":"product_cat-periodismo","7":"product_tag-penguin-random-house","9":"first","10":"instock","11":"shipping-taxable","12":"purchasable","13":"product-type-simple"},"_links":{"self":[{"href":"https:\/\/libreriahistoriasdebolsillo.com\/index.php\/wp-json\/wp\/v2\/product\/5267","targetHints":{"allow":["GET"]}}],"collection":[{"href":"https:\/\/libreriahistoriasdebolsillo.com\/index.php\/wp-json\/wp\/v2\/product"}],"about":[{"href":"https:\/\/libreriahistoriasdebolsillo.com\/index.php\/wp-json\/wp\/v2\/types\/product"}],"wp:featuredmedia":[{"embeddable":true,"href":"https:\/\/libreriahistoriasdebolsillo.com\/index.php\/wp-json\/wp\/v2\/media\/5268"}],"wp:attachment":[{"href":"https:\/\/libreriahistoriasdebolsillo.com\/index.php\/wp-json\/wp\/v2\/media?parent=5267"}],"wp:term":[{"taxonomy":"product_brand","embeddable":true,"href":"https:\/\/libreriahistoriasdebolsillo.com\/index.php\/wp-json\/wp\/v2\/product_brand?post=5267"},{"taxonomy":"product_cat","embeddable":true,"href":"https:\/\/libreriahistoriasdebolsillo.com\/index.php\/wp-json\/wp\/v2\/product_cat?post=5267"},{"taxonomy":"product_tag","embeddable":true,"href":"https:\/\/libreriahistoriasdebolsillo.com\/index.php\/wp-json\/wp\/v2\/product_tag?post=5267"}],"curies":[{"name":"wp","href":"https:\/\/api.w.org\/{rel}","templated":true}]}}