{"id":5270,"date":"2024-08-06T12:49:38","date_gmt":"2024-08-06T18:49:38","guid":{"rendered":"https:\/\/libreriahistoriasdebolsillo.com\/?post_type=product&#038;p=5270"},"modified":"2025-07-01T13:49:43","modified_gmt":"2025-07-01T19:49:43","slug":"diez-ideas-falsas-sobre-la-edad-media","status":"publish","type":"product","link":"https:\/\/libreriahistoriasdebolsillo.com\/index.php\/producto\/diez-ideas-falsas-sobre-la-edad-media\/","title":{"rendered":"Diez ideas falsas sobre la edad media"},"content":{"rendered":"<p><b>Un<\/b>\u00a0<b>libro que<\/b>\u00a0<b>echa<\/b>\u00a0<b>por tierra<\/b>\u00a0<b>diez<\/b>\u00a0<b>t\u00f3picos<\/b>\u00a0<b>sobre la<\/b>\u00a0<b>Edad Media y<\/b>\u00a0<b>nos<\/b>\u00a0<b>descubre<\/b>\u00a0<b>una<\/b>\u00a0<b>\u00e9poca<\/b>\u00a0<b>rica y<\/b>\u00a0<b>vibrante.<\/b><\/p>\n<p>La Edad Media tiene mala fama. \u00bfAcaso no decimos \u00abmedieval\u00bb para referirnos a algo oscuro, primitivo o b\u00e1rbaro? El historiador Martin Aurell empu\u00f1a la alabarda para restaurar el honor de este periodo tan heterog\u00e9neo e injustamente tratado y que abarca un largo milenio, desde el siglo V hasta el XV. Rebatiendo diez grandes ideas preconcebidas una a una hasta derribarlas, presenta un magistral vadem\u00e9cum que destaca por su rigurosidad, su solidez y su ritmo narrativo.<\/p>\n<p>Solemos pensar que la Edad Media fue un tiempo mis\u00f3gino, intolerante, inculto, violento, sombr\u00edo, infecundo, opresor, xen\u00f3fobo, tenebroso, ignorante, fan\u00e1tico&#8230; Pero \u00bfy si fuera, en muchos sentidos, m\u00e1s moderno que el siglo XXI?<\/p>\n<p>\u00abLa Edad Media no es un par\u00e9ntesis mediocre entre dos periodos de paz y progreso. Tampoco es un tiempo exclusivamente alegre de fiesta incesante, guerra heroica y arquitectura innovadora. Como cualquier periodo de la historia humana, no es negro ni rosa y abarca todos los matices crom\u00e1ticos. Pero ha tenido que soportar demasiadas acusaciones injustas\u00bb.<\/p>\n","protected":false},"excerpt":{"rendered":"<p>Martin Aurell<\/p>\n<p>200 p\u00e1ginas<\/p>\n","protected":false},"featured_media":5271,"template":"","meta":{"_joinchat":[]},"product_brand":[],"product_cat":[41,70],"product_tag":[34],"class_list":{"0":"post-5270","1":"product","2":"type-product","3":"status-publish","4":"has-post-thumbnail","6":"product_cat-desarrollo-humano","7":"product_cat-novedades","8":"product_tag-penguin-random-house","10":"first","11":"instock","12":"shipping-taxable","13":"purchasable","14":"product-type-simple"},"_links":{"self":[{"href":"https:\/\/libreriahistoriasdebolsillo.com\/index.php\/wp-json\/wp\/v2\/product\/5270","targetHints":{"allow":["GET"]}}],"collection":[{"href":"https:\/\/libreriahistoriasdebolsillo.com\/index.php\/wp-json\/wp\/v2\/product"}],"about":[{"href":"https:\/\/libreriahistoriasdebolsillo.com\/index.php\/wp-json\/wp\/v2\/types\/product"}],"wp:featuredmedia":[{"embeddable":true,"href":"https:\/\/libreriahistoriasdebolsillo.com\/index.php\/wp-json\/wp\/v2\/media\/5271"}],"wp:attachment":[{"href":"https:\/\/libreriahistoriasdebolsillo.com\/index.php\/wp-json\/wp\/v2\/media?parent=5270"}],"wp:term":[{"taxonomy":"product_brand","embeddable":true,"href":"https:\/\/libreriahistoriasdebolsillo.com\/index.php\/wp-json\/wp\/v2\/product_brand?post=5270"},{"taxonomy":"product_cat","embeddable":true,"href":"https:\/\/libreriahistoriasdebolsillo.com\/index.php\/wp-json\/wp\/v2\/product_cat?post=5270"},{"taxonomy":"product_tag","embeddable":true,"href":"https:\/\/libreriahistoriasdebolsillo.com\/index.php\/wp-json\/wp\/v2\/product_tag?post=5270"}],"curies":[{"name":"wp","href":"https:\/\/api.w.org\/{rel}","templated":true}]}}