{"id":5272,"date":"2024-08-06T12:55:08","date_gmt":"2024-08-06T18:55:08","guid":{"rendered":"https:\/\/libreriahistoriasdebolsillo.com\/?post_type=product&#038;p=5272"},"modified":"2025-01-13T16:52:34","modified_gmt":"2025-01-13T22:52:34","slug":"maktub","status":"publish","type":"product","link":"https:\/\/libreriahistoriasdebolsillo.com\/index.php\/producto\/maktub\/","title":{"rendered":"Maktub"},"content":{"rendered":"<p><b>Maktub<\/b><b>\u00a0es el compa\u00f1ero ideal del cl\u00e1sico El Alquimista, un libro atemporal que invita a la reflexi\u00f3n<\/b>\u00a0<b>y el autodescubrimiento.<\/b><\/p>\n<p>Paulo Coelho, uno de los\u00a0<b>grandes escritores<\/b>\u00a0de nuestra era, contin\u00faa su\u00a0<b>profundo viaje<\/b>\u00a0hacia los misterios de la condici\u00f3n humana a trav\u00e9s de esta inspiradoracolecci\u00f3n de historias. En palabras del propio autor: \u00ab<b>Maktub<\/b>\u00a0no es un libro de consejos, sino un intercambio de\u00a0<b>experiencias<\/b>\u00bb.<\/p>\n<p>Maktub compila algunosde los\u00a0<b>textos publicados<\/b>\u00a0por el autor en su\u00a0<b>columna<\/b>\u00a0diaria del mismo nombre, que significa \u00ab<b>est\u00e1 escrito<\/b>\u00bb. Cada uno de estos sabios relatos \u2014que ofrecen la perspectiva de serpientes parlantes, ancianas que escalan monta\u00f1as, disc\u00edpulos que interrogan a sus\u00a0<b>maestros<\/b>, ermita\u00f1os enigm\u00e1ticos y santos que abordan los secretos del mundo\u2014 nos permite ver la vida denuevas maneras, y nos ilumina en nuestro camino para alcanzar algunas de las m\u00e1s profundas\u00a0<b>verdades universales<\/b>.<\/p>\n<p><b>Un hombre que s\u00f3lo busca la Luz, y deja sus responsabilidades a los dem\u00e1s, acaba por no encontrar la iluminaci\u00f3n. Un hombre que mantiene sus ojos fijos en el sol acaba por quedarse ciego.<\/b><\/p>\n<p><b>&#8211;<\/b><b>Paulo Coelho<\/b><\/p>\n","protected":false},"excerpt":{"rendered":"<p>Paulo Coelho<\/p>\n<p>224 p\u00e1ginas<\/p>\n","protected":false},"featured_media":5275,"template":"","meta":{"_joinchat":[]},"product_brand":[],"product_cat":[33,70],"product_tag":[34],"class_list":{"0":"post-5272","1":"product","2":"type-product","3":"status-publish","4":"has-post-thumbnail","6":"product_cat-ficcion-general","7":"product_cat-novedades","8":"product_tag-penguin-random-house","10":"first","11":"outofstock","12":"shipping-taxable","13":"purchasable","14":"product-type-simple"},"_links":{"self":[{"href":"https:\/\/libreriahistoriasdebolsillo.com\/index.php\/wp-json\/wp\/v2\/product\/5272","targetHints":{"allow":["GET"]}}],"collection":[{"href":"https:\/\/libreriahistoriasdebolsillo.com\/index.php\/wp-json\/wp\/v2\/product"}],"about":[{"href":"https:\/\/libreriahistoriasdebolsillo.com\/index.php\/wp-json\/wp\/v2\/types\/product"}],"wp:featuredmedia":[{"embeddable":true,"href":"https:\/\/libreriahistoriasdebolsillo.com\/index.php\/wp-json\/wp\/v2\/media\/5275"}],"wp:attachment":[{"href":"https:\/\/libreriahistoriasdebolsillo.com\/index.php\/wp-json\/wp\/v2\/media?parent=5272"}],"wp:term":[{"taxonomy":"product_brand","embeddable":true,"href":"https:\/\/libreriahistoriasdebolsillo.com\/index.php\/wp-json\/wp\/v2\/product_brand?post=5272"},{"taxonomy":"product_cat","embeddable":true,"href":"https:\/\/libreriahistoriasdebolsillo.com\/index.php\/wp-json\/wp\/v2\/product_cat?post=5272"},{"taxonomy":"product_tag","embeddable":true,"href":"https:\/\/libreriahistoriasdebolsillo.com\/index.php\/wp-json\/wp\/v2\/product_tag?post=5272"}],"curies":[{"name":"wp","href":"https:\/\/api.w.org\/{rel}","templated":true}]}}